{"id":1828,"date":"2024-08-28T17:20:38","date_gmt":"2024-08-28T15:20:38","guid":{"rendered":"https:\/\/gt.limo\/transfery-schwechat-kyvadlova-doprava-point-to-point\/"},"modified":"2024-08-31T13:13:33","modified_gmt":"2024-08-31T11:13:33","slug":"transfery-schwechat-kyvadlova-doprava-point-to-point","status":"publish","type":"page","link":"https:\/\/gt.limo\/sk\/transfery-schwechat-kyvadlova-doprava-point-to-point\/","title":{"rendered":"Transfery Schwechat \/ Kyvadlov\u00e1 doprava \/ Point-to-Point"},"content":{"rendered":"\t\t<div data-elementor-type=\"wp-page\" data-elementor-id=\"1828\" class=\"elementor elementor-1828 elementor-1484\">\n\t\t\t\t<div class=\"elementor-element elementor-element-5c108da e-flex e-con-boxed wpr-particle-no wpr-jarallax-no wpr-parallax-no wpr-sticky-section-no e-con e-parent\" data-id=\"5c108da\" data-element_type=\"container\" data-settings=\"{&quot;background_background&quot;:&quot;classic&quot;}\">\n\t\t\t\t\t<div class=\"e-con-inner\">\n\t\t\t\t<div class=\"elementor-element elementor-element-11fc28b elementor-widget elementor-widget-heading\" data-id=\"11fc28b\" data-element_type=\"widget\" data-widget_type=\"heading.default\">\n\t\t\t\t<div class=\"elementor-widget-container\">\n\t\t\t<h2 class=\"elementor-heading-title elementor-size-default\">Letiskov\u00fd transfer<\/h2>\t\t<\/div>\n\t\t\t\t<\/div>\n\t\t\t\t<div class=\"elementor-element elementor-element-b07701f elementor-widget elementor-widget-heading\" data-id=\"b07701f\" data-element_type=\"widget\" data-widget_type=\"heading.default\">\n\t\t\t\t<div class=\"elementor-widget-container\">\n\t\t\t<h1 class=\"elementor-heading-title elementor-size-default\">Transfery a kyvadlov\u00e1 doprava Schwechat: Pr\u00e9miov\u00e9 slu\u017eby \"Point-to-Point\"<\/h1>\t\t<\/div>\n\t\t\t\t<\/div>\n\t\t\t\t\t<\/div>\n\t\t\t\t<\/div>\n\t\t<div class=\"elementor-element elementor-element-dc42d68 e-flex e-con-boxed wpr-particle-no wpr-jarallax-no wpr-parallax-no wpr-sticky-section-no e-con e-parent\" data-id=\"dc42d68\" data-element_type=\"container\">\n\t\t\t\t\t<div class=\"e-con-inner\">\n\t\t<div class=\"elementor-element elementor-element-e084ee7 e-flex e-con-boxed wpr-particle-no wpr-jarallax-no wpr-parallax-no wpr-sticky-section-no e-con e-child\" data-id=\"e084ee7\" data-element_type=\"container\">\n\t\t\t\t\t<div class=\"e-con-inner\">\n\t\t\t\t<div class=\"elementor-element elementor-element-f1b9e59 elementor-widget elementor-widget-image\" data-id=\"f1b9e59\" data-element_type=\"widget\" data-widget_type=\"image.default\">\n\t\t\t\t<div class=\"elementor-widget-container\">\n\t\t\t\t\t\t\t\t\t\t\t\t\t<img fetchpriority=\"high\" decoding=\"async\" width=\"600\" height=\"343\" src=\"https:\/\/gt.limo\/wp-content\/uploads\/2024\/07\/Mercedes-E-class-Vienna-to-Bratislava-transfer.jpg\" class=\"attachment-full size-full wp-image-1021\" alt=\"Mercedes E class\" srcset=\"https:\/\/gt.limo\/wp-content\/uploads\/2024\/07\/Mercedes-E-class-Vienna-to-Bratislava-transfer.jpg 600w, https:\/\/gt.limo\/wp-content\/uploads\/2024\/07\/Mercedes-E-class-Vienna-to-Bratislava-transfer-300x172.jpg 300w\" sizes=\"(max-width: 600px) 100vw, 600px\" \/>\t\t\t\t\t\t\t\t\t\t\t\t\t<\/div>\n\t\t\t\t<\/div>\n\t\t\t\t\t<\/div>\n\t\t\t\t<\/div>\n\t\t<div class=\"elementor-element elementor-element-d929acc e-flex e-con-boxed wpr-particle-no wpr-jarallax-no wpr-parallax-no wpr-sticky-section-no e-con e-child\" data-id=\"d929acc\" data-element_type=\"container\">\n\t\t\t\t\t<div class=\"e-con-inner\">\n\t\t\t\t<div class=\"elementor-element elementor-element-630df68 elementor-widget elementor-widget-heading\" data-id=\"630df68\" data-element_type=\"widget\" data-widget_type=\"heading.default\">\n\t\t\t\t<div class=\"elementor-widget-container\">\n\t\t\t<h2 class=\"elementor-heading-title elementor-size-default\">Professional Chauffeured Limousine Services<\/h2>\t\t<\/div>\n\t\t\t\t<\/div>\n\t\t\t\t<div class=\"elementor-element elementor-element-351af55 elementor-widget elementor-widget-text-editor\" data-id=\"351af55\" data-element_type=\"widget\" data-widget_type=\"text-editor.default\">\n\t\t\t\t<div class=\"elementor-widget-container\">\n\t\t\t\t\t\t\t<div class=\"flex max-w-full flex-col flex-grow\">\n<div class=\"min-h-[20px] text-message flex w-full flex-col items-end gap-2 break-words [.text-message+&amp;]:mt-5 overflow-x-auto whitespace-normal\" dir=\"auto\" data-message-author-role=\"assistant\" data-message-id=\"66363d8c-d283-4de8-8d42-59089b4a5d01\">\n<div class=\"flex w-full flex-col gap-1 empty:hidden first:pt-[3px]\">\n<div class=\"markdown prose w-full break-words dark:prose-invert light\">\n<p>GT LIMO sa \u0161pecializuje na efekt\u00edvne transfery na letisko, kyvadlov\u00e9 slu\u017eby a cestovanie &#8222;point-to-point&#8220;. \u010ci u\u017e ste s\u00fakromn\u00fd klient alebo firemn\u00fd z\u00e1kazn\u00edk s pl\u00e1novan\u00fdm letom alebo stretnut\u00edm, na\u0161e pr\u00e9miov\u00e9 slu\u017eby pren\u00e1jmu limuz\u00edn zabezpe\u010dia, \u017ee sa dostanete na miesto s eleganciou a pohodl\u00edm, ale hlavne na\u010das.<\/p>\n<\/div>\n<\/div>\n<\/div>\n<\/div>\n\t\t\t\t\t\t<\/div>\n\t\t\t\t<\/div>\n\t\t\t\t\t<\/div>\n\t\t\t\t<\/div>\n\t\t\t\t\t<\/div>\n\t\t\t\t<\/div>\n\t\t<div class=\"elementor-element elementor-element-d29257c e-flex e-con-boxed wpr-particle-no wpr-jarallax-no wpr-parallax-no wpr-sticky-section-no e-con e-parent\" data-id=\"d29257c\" data-element_type=\"container\" data-settings=\"{&quot;background_background&quot;:&quot;classic&quot;}\">\n\t\t\t\t\t<div class=\"e-con-inner\">\n\t\t<div class=\"elementor-element elementor-element-a1c8c6b e-con-full e-flex wpr-particle-no wpr-jarallax-no wpr-parallax-no wpr-sticky-section-no e-con e-child\" data-id=\"a1c8c6b\" data-element_type=\"container\">\n\t\t<div class=\"elementor-element elementor-element-3de2f09 e-con-full e-flex wpr-particle-no wpr-jarallax-no wpr-parallax-no wpr-sticky-section-no e-con e-child\" data-id=\"3de2f09\" data-element_type=\"container\" data-settings=\"{&quot;background_background&quot;:&quot;classic&quot;}\">\n\t\t<div class=\"elementor-element elementor-element-540f3b9 e-con-full e-flex wpr-particle-no wpr-jarallax-no wpr-parallax-no wpr-sticky-section-no e-con e-child\" data-id=\"540f3b9\" data-element_type=\"container\" data-settings=\"{&quot;background_background&quot;:&quot;classic&quot;}\">\n\t\t\t\t<div class=\"elementor-element elementor-element-199078e elementor-widget elementor-widget-text-editor\" data-id=\"199078e\" data-element_type=\"widget\" data-widget_type=\"text-editor.default\">\n\t\t\t\t<div class=\"elementor-widget-container\">\n\t\t\t\t\t\t\t<p><strong>GT LIMO Online Rezerva\u010dn\u00fd Syst\u00e9m<\/strong><\/p>\n<p>&nbsp;<\/p>\n\t\t\t\t\t\t<\/div>\n\t\t\t\t<\/div>\n\t\t\t\t<div class=\"elementor-element elementor-element-6113805 elementor-widget elementor-widget-html\" data-id=\"6113805\" data-element_type=\"widget\" data-widget_type=\"html.default\">\n\t\t\t\t<div class=\"elementor-widget-container\">\n\t\t\t<button class=\"shbt\" onclick=\"myFunction()\">Reservation &nbsp;<i class=\"fa fa-chevron-down\"><\/i><\/button> \r\n<style> \r\n    .shbt { \r\n        font-size: 18px;\r\n        font-weight: 600;\r\n        color: white;\r\n        background:black; \r\n        transition-duration: .2s;\r\n        border: 2px solid;\r\n        border-color: black;\r\n        padding:18px 30px; \r\n        border-radius: 10px \r\n    }     \r\n    .shbt:hover, .shbt:focus{ \r\n        background:transparent; \r\n        text-decoration: none;\r\n        border: 2px solid;\r\n        border-color: white;\r\n    } \r\n    #sechide { \r\n        display:none; \r\n    }     \r\n    .secshow { \r\n    display:block !important; \r\n    } \r\n<\/style> \r\n<script> \r\nfunction myFunction() { \r\n   var element = document.getElementById(\"sechide\"); \r\n   element.classList.toggle(\"secshow\"); \r\n} \r\n<\/script>\t\t<\/div>\n\t\t\t\t<\/div>\n\t\t\t\t<\/div>\n\t\t<div class=\"elementor-element elementor-element-729b2e1 e-con-full e-flex wpr-particle-no wpr-jarallax-no wpr-parallax-no wpr-sticky-section-no elementor-invisible e-con e-child\" data-id=\"729b2e1\" data-element_type=\"container\" id=\"sechide\" data-settings=\"{&quot;animation&quot;:&quot;fadeIn&quot;,&quot;animation_delay&quot;:0}\">\n\t\t\t\t<div class=\"elementor-element elementor-element-0983683 elementor-widget elementor-widget-html\" data-id=\"0983683\" data-element_type=\"widget\" data-widget_type=\"html.default\">\n\t\t\t\t<div class=\"elementor-widget-container\">\n\t\t\t<a href=\"https:\/\/book.mylimobiz.com\/v4\/gtlm\" data-ores-widget=\"website\" data-ores-alias=\"gtlm\"><script src=\"https:\/\/book.mylimobiz.com\/v4\/widgets\/widget-loader.js\" type=\"text\/javascript\"><\/script><\/a>\t\t<\/div>\n\t\t\t\t<\/div>\n\t\t\t\t<\/div>\n\t\t\t\t<\/div>\n\t\t\t\t<\/div>\n\t\t\t\t<div class=\"elementor-element elementor-element-8cf3272 elementor-widget elementor-widget-text-editor\" data-id=\"8cf3272\" data-element_type=\"widget\" data-widget_type=\"text-editor.default\">\n\t\t\t\t<div class=\"elementor-widget-container\">\n\t\t\t\t\t\t\t<h2><strong>V\u00fdhody vyu\u017e\u00edvania kyvadlov\u00fdch slu\u017eieb GT LIMO<\/strong><\/h2>\n<h3><strong>Vysokokvalitn\u00e1 obchodn\u00e1 doprava<\/strong><\/h3>\n<p>V\u00fdberom kyvadlov\u00fdch slu\u017eieb GT LIMO z\u00edskavate mno\u017estvo v\u00fdhod pre obchodn\u00fa dopravu. Od centralizovan\u00e9ho fakturovania po jedin\u00fd kontaktn\u00fd bod pre v\u0161etky va\u0161e potreby v oblasti limuz\u00edn, sme odhodlan\u00ed uspokoji\u0165 na\u0161ich firemn\u00fdch klientov. Na\u0161e firemn\u00e9 pl\u00e1ny s\u00fa prisp\u00f4sobite\u013en\u00e9 pod\u013ea va\u0161ich presn\u00fdch po\u017eiadaviek a rozpo\u010dtu.<\/p>\n<h3><strong>S\u00fakromn\u00fd pren\u00e1jom limuz\u00edn<\/strong><\/h3>\n<p>Pre s\u00fakromn\u00fdch klientov na\u0161e limuz\u00ednov\u00e9 slu\u017eby garantuj\u00fa luxusn\u00fd a bezprobl\u00e9mov\u00fd z\u00e1\u017eitok z cestovania. \u010ci u\u017e potrebujete dopravu na \u0161peci\u00e1lne podujatie, svadbu alebo na ve\u010dern\u00fd v\u00fdlet, na\u0161e slu\u017eby &#8222;point-to-point&#8220; zabezpe\u010dia, \u017ee si m\u00f4\u017eete odpo\u010din\u00fa\u0165 a u\u017ei\u0165 si cestu bez starost\u00ed o \u0161of\u00e9rovanie.<\/p>\n<h3><strong>Efekt\u00edvna doprava &#8222;Point-to-Point&#8220;<\/strong><\/h3>\n<p>Slu\u017eba &#8222;point-to-point&#8220; je jednou z na\u0161ich najob\u013e\u00fabenej\u0161\u00edch pon\u00fak. \u010ci u\u017e sa potrebujete dosta\u0165 na letisko, do hotela, na konferenciu, svadbu alebo do re\u0161taur\u00e1cie, na\u0161i sk\u00fasen\u00ed \u0161of\u00e9ri zabezpe\u010dia hladk\u00fa a efekt\u00edvnu cestu. S pou\u017eit\u00edm satelitnej navig\u00e1cie a podrobn\u00e9ho itiner\u00e1ra poskytneme najlep\u0161iu trasu a pokyny k va\u0161ej destin\u00e1cii.<\/p>\n<h3><strong>Prisp\u00f4sobite\u013en\u00e9 firemn\u00e9 pl\u00e1ny<\/strong><\/h3>\n<p>GT LIMO sa zav\u00e4zuje poskytova\u0165 detailne zameran\u00fd pr\u00edstup, \u010do sa odr\u00e1\u017ea v najlep\u0161ej flote limuz\u00edn, minivanov, minibusov a sprinter autobusov, ktor\u00e9 s\u00fa k dispoz\u00edcii po cel\u00fd \u010das, aj pri poslednej chv\u00edli. Na\u0161a oddanos\u0165 dokonalosti zabezpe\u010duje prvotriedny cestovn\u00fd z\u00e1\u017eitok od v\u00e1\u0161ho prv\u00e9ho v\u00fdletu.<\/p>\n<h3><strong>Kontaktujte n\u00e1s<\/strong><\/h3>\n<p>Pripraven\u00ed za\u017ei\u0165 rozdiel s GT LIMO? Kontaktujte n\u00e1s e\u0161te dnes a rezervujte si svoju prepravu:<\/p>\n<p>Telef\u00f3n: 00421 948 882 443<br \/>\nEmail: <a rel=\"noopener\">booking@gtlm.sk<\/a><\/p>\n<p>Te\u0161\u00edme sa na v\u00e1s.<\/p>\n\t\t\t\t\t\t<\/div>\n\t\t\t\t<\/div>\n\t\t\t\t\t<\/div>\n\t\t\t\t<\/div>\n\t\t\t\t<\/div>\n\t\t","protected":false},"excerpt":{"rendered":"<p>Letiskov\u00fd transfer Transfery a kyvadlov\u00e1 doprava Schwechat: Pr\u00e9miov\u00e9 slu\u017eby &#8222;Point-to-Point&#8220; Professional Chauffeured Limousine Services GT LIMO sa \u0161pecializuje na efekt\u00edvne transfery na letisko, kyvadlov\u00e9 slu\u017eby a cestovanie &#8222;point-to-point&#8220;. \u010ci u\u017e ste s\u00fakromn\u00fd klient alebo firemn\u00fd z\u00e1kazn\u00edk s pl\u00e1novan\u00fdm letom alebo stretnut\u00edm, na\u0161e pr\u00e9miov\u00e9 slu\u017eby pren\u00e1jmu limuz\u00edn zabezpe\u010dia, \u017ee sa dostanete na miesto s eleganciou a pohodl\u00edm, ale hlavne na\u010das. GT LIMO Online Rezerva\u010dn\u00fd Syst\u00e9m &nbsp; Reservation &nbsp; V\u00fdhody vyu\u017e\u00edvania kyvadlov\u00fdch slu\u017eieb GT LIMO Vysokokvalitn\u00e1 obchodn\u00e1 doprava V\u00fdberom kyvadlov\u00fdch slu\u017eieb GT LIMO z\u00edskavate mno\u017estvo v\u00fdhod pre obchodn\u00fa dopravu. Od centralizovan\u00e9ho fakturovania po jedin\u00fd kontaktn\u00fd bod pre v\u0161etky va\u0161e potreby v oblasti limuz\u00edn, sme odhodlan\u00ed uspokoji\u0165 na\u0161ich firemn\u00fdch klientov. Na\u0161e firemn\u00e9 pl\u00e1ny s\u00fa prisp\u00f4sobite\u013en\u00e9 pod\u013ea va\u0161ich presn\u00fdch po\u017eiadaviek a rozpo\u010dtu. S\u00fakromn\u00fd pren\u00e1jom limuz\u00edn Pre s\u00fakromn\u00fdch klientov na\u0161e limuz\u00ednov\u00e9 slu\u017eby garantuj\u00fa luxusn\u00fd a bezprobl\u00e9mov\u00fd z\u00e1\u017eitok z cestovania. \u010ci u\u017e potrebujete dopravu na \u0161peci\u00e1lne podujatie, svadbu alebo na ve\u010dern\u00fd v\u00fdlet, na\u0161e slu\u017eby &#8222;point-to-point&#8220; zabezpe\u010dia, \u017ee si m\u00f4\u017eete odpo\u010din\u00fa\u0165 a u\u017ei\u0165 si cestu bez starost\u00ed o \u0161of\u00e9rovanie. Efekt\u00edvna doprava &#8222;Point-to-Point&#8220; Slu\u017eba &#8222;point-to-point&#8220; je jednou z na\u0161ich najob\u013e\u00fabenej\u0161\u00edch pon\u00fak. \u010ci u\u017e sa potrebujete dosta\u0165 na letisko, do hotela, na konferenciu, svadbu alebo do re\u0161taur\u00e1cie, na\u0161i sk\u00fasen\u00ed \u0161of\u00e9ri zabezpe\u010dia hladk\u00fa a efekt\u00edvnu cestu. S pou\u017eit\u00edm satelitnej navig\u00e1cie a podrobn\u00e9ho itiner\u00e1ra poskytneme najlep\u0161iu trasu a pokyny k va\u0161ej destin\u00e1cii. Prisp\u00f4sobite\u013en\u00e9 firemn\u00e9 pl\u00e1ny GT LIMO sa zav\u00e4zuje poskytova\u0165 detailne zameran\u00fd pr\u00edstup, \u010do sa odr\u00e1\u017ea v najlep\u0161ej flote limuz\u00edn, minivanov, minibusov a sprinter autobusov, ktor\u00e9 s\u00fa k dispoz\u00edcii po cel\u00fd \u010das, aj pri poslednej chv\u00edli. Na\u0161a oddanos\u0165 dokonalosti zabezpe\u010duje prvotriedny cestovn\u00fd z\u00e1\u017eitok od v\u00e1\u0161ho prv\u00e9ho v\u00fdletu. Kontaktujte n\u00e1s Pripraven\u00ed za\u017ei\u0165 rozdiel s GT LIMO? Kontaktujte n\u00e1s e\u0161te dnes a rezervujte si svoju prepravu: Telef\u00f3n: 00421 948 882 443 Email: booking@gtlm.sk Te\u0161\u00edme sa na v\u00e1s.<\/p>\n","protected":false},"author":1,"featured_media":0,"parent":0,"menu_order":0,"comment_status":"closed","ping_status":"closed","template":"elementor_header_footer","meta":{"_acf_changed":false,"footnotes":""},"class_list":["post-1828","page","type-page","status-publish","hentry"],"acf":[],"yoast_head":"<!-- This site is optimized with the Yoast SEO plugin v23.4 - https:\/\/yoast.com\/wordpress\/plugins\/seo\/ -->\n<title>Transfery Schwechat \/ Kyvadlov\u00e1 doprava \/ Point-to-Point - GT Limo - Bratislava Limousine Service<\/title>\n<meta name=\"description\" content=\"Za\u017eite pr\u00e9miov\u00e9 slu\u017eby &quot;point-to-point&quot; s na\u0161imi transfermi a kyvadlov\u00fdmi slu\u017ebami. U\u017eite si skvel\u00fa jazdu medzi Bratislavou a Schwechatom.\" \/>\n<meta name=\"robots\" content=\"index, follow, max-snippet:-1, max-image-preview:large, max-video-preview:-1\" \/>\n<link rel=\"canonical\" href=\"https:\/\/gt.limo\/sk\/transfery-schwechat-kyvadlova-doprava-point-to-point\/\" \/>\n<meta property=\"og:locale\" content=\"sk_SK\" \/>\n<meta property=\"og:type\" content=\"article\" \/>\n<meta property=\"og:title\" content=\"Transfery Schwechat \/ Kyvadlov\u00e1 doprava \/ Point-to-Point - GT Limo - Bratislava Limousine Service\" \/>\n<meta property=\"og:description\" content=\"Za\u017eite pr\u00e9miov\u00e9 slu\u017eby &quot;point-to-point&quot; s na\u0161imi transfermi a kyvadlov\u00fdmi slu\u017ebami. U\u017eite si skvel\u00fa jazdu medzi Bratislavou a Schwechatom.\" \/>\n<meta property=\"og:url\" content=\"https:\/\/gt.limo\/sk\/transfery-schwechat-kyvadlova-doprava-point-to-point\/\" \/>\n<meta property=\"og:site_name\" content=\"GT Limo - Bratislava Limousine Service\" \/>\n<meta property=\"article:modified_time\" content=\"2024-08-31T11:13:33+00:00\" \/>\n<meta property=\"og:image\" content=\"https:\/\/gt.limo\/wp-content\/uploads\/2024\/07\/Mercedes-E-class-Vienna-to-Bratislava-transfer.jpg\" \/>\n<meta name=\"twitter:card\" content=\"summary_large_image\" \/>\n<meta name=\"twitter:label1\" content=\"Predpokladan\u00fd \u010das \u010d\u00edtania\" \/>\n\t<meta name=\"twitter:data1\" content=\"2 min\u00faty\" \/>\n<script type=\"application\/ld+json\" class=\"yoast-schema-graph\">{\"@context\":\"https:\/\/schema.org\",\"@graph\":[{\"@type\":\"WebPage\",\"@id\":\"https:\/\/gt.limo\/sk\/transfery-schwechat-kyvadlova-doprava-point-to-point\/\",\"url\":\"https:\/\/gt.limo\/sk\/transfery-schwechat-kyvadlova-doprava-point-to-point\/\",\"name\":\"Transfery Schwechat \/ Kyvadlov\u00e1 doprava \/ Point-to-Point - GT Limo - Bratislava Limousine Service\",\"isPartOf\":{\"@id\":\"https:\/\/gt.limo\/#website\"},\"primaryImageOfPage\":{\"@id\":\"https:\/\/gt.limo\/sk\/transfery-schwechat-kyvadlova-doprava-point-to-point\/#primaryimage\"},\"image\":{\"@id\":\"https:\/\/gt.limo\/sk\/transfery-schwechat-kyvadlova-doprava-point-to-point\/#primaryimage\"},\"thumbnailUrl\":\"https:\/\/gt.limo\/wp-content\/uploads\/2024\/07\/Mercedes-E-class-Vienna-to-Bratislava-transfer.jpg\",\"datePublished\":\"2024-08-28T15:20:38+00:00\",\"dateModified\":\"2024-08-31T11:13:33+00:00\",\"description\":\"Za\u017eite pr\u00e9miov\u00e9 slu\u017eby \\\"point-to-point\\\" s na\u0161imi transfermi a kyvadlov\u00fdmi slu\u017ebami. U\u017eite si skvel\u00fa jazdu medzi Bratislavou a Schwechatom.\",\"breadcrumb\":{\"@id\":\"https:\/\/gt.limo\/sk\/transfery-schwechat-kyvadlova-doprava-point-to-point\/#breadcrumb\"},\"inLanguage\":\"sk-SK\",\"potentialAction\":[{\"@type\":\"ReadAction\",\"target\":[\"https:\/\/gt.limo\/sk\/transfery-schwechat-kyvadlova-doprava-point-to-point\/\"]}]},{\"@type\":\"ImageObject\",\"inLanguage\":\"sk-SK\",\"@id\":\"https:\/\/gt.limo\/sk\/transfery-schwechat-kyvadlova-doprava-point-to-point\/#primaryimage\",\"url\":\"https:\/\/gt.limo\/wp-content\/uploads\/2024\/07\/Mercedes-E-class-Vienna-to-Bratislava-transfer.jpg\",\"contentUrl\":\"https:\/\/gt.limo\/wp-content\/uploads\/2024\/07\/Mercedes-E-class-Vienna-to-Bratislava-transfer.jpg\"},{\"@type\":\"BreadcrumbList\",\"@id\":\"https:\/\/gt.limo\/sk\/transfery-schwechat-kyvadlova-doprava-point-to-point\/#breadcrumb\",\"itemListElement\":[{\"@type\":\"ListItem\",\"position\":1,\"name\":\"Home\",\"item\":\"https:\/\/gt.limo\/sk\/\"},{\"@type\":\"ListItem\",\"position\":2,\"name\":\"Transfery Schwechat \/ Kyvadlov\u00e1 doprava \/ Point-to-Point\"}]},{\"@type\":\"WebSite\",\"@id\":\"https:\/\/gt.limo\/#website\",\"url\":\"https:\/\/gt.limo\/\",\"name\":\"GT Limo - Bratislava Limousine Service\",\"description\":\"\",\"potentialAction\":[{\"@type\":\"SearchAction\",\"target\":{\"@type\":\"EntryPoint\",\"urlTemplate\":\"https:\/\/gt.limo\/?s={search_term_string}\"},\"query-input\":{\"@type\":\"PropertyValueSpecification\",\"valueRequired\":true,\"valueName\":\"search_term_string\"}}],\"inLanguage\":\"sk-SK\"}]}<\/script>\n<!-- \/ Yoast SEO plugin. -->","yoast_head_json":{"title":"Transfery Schwechat \/ Kyvadlov\u00e1 doprava \/ Point-to-Point - GT Limo - Bratislava Limousine Service","description":"Za\u017eite pr\u00e9miov\u00e9 slu\u017eby \"point-to-point\" s na\u0161imi transfermi a kyvadlov\u00fdmi slu\u017ebami. U\u017eite si skvel\u00fa jazdu medzi Bratislavou a Schwechatom.","robots":{"index":"index","follow":"follow","max-snippet":"max-snippet:-1","max-image-preview":"max-image-preview:large","max-video-preview":"max-video-preview:-1"},"canonical":"https:\/\/gt.limo\/sk\/transfery-schwechat-kyvadlova-doprava-point-to-point\/","og_locale":"sk_SK","og_type":"article","og_title":"Transfery Schwechat \/ Kyvadlov\u00e1 doprava \/ Point-to-Point - GT Limo - Bratislava Limousine Service","og_description":"Za\u017eite pr\u00e9miov\u00e9 slu\u017eby \"point-to-point\" s na\u0161imi transfermi a kyvadlov\u00fdmi slu\u017ebami. U\u017eite si skvel\u00fa jazdu medzi Bratislavou a Schwechatom.","og_url":"https:\/\/gt.limo\/sk\/transfery-schwechat-kyvadlova-doprava-point-to-point\/","og_site_name":"GT Limo - Bratislava Limousine Service","article_modified_time":"2024-08-31T11:13:33+00:00","og_image":[{"url":"https:\/\/gt.limo\/wp-content\/uploads\/2024\/07\/Mercedes-E-class-Vienna-to-Bratislava-transfer.jpg"}],"twitter_card":"summary_large_image","twitter_misc":{"Predpokladan\u00fd \u010das \u010d\u00edtania":"2 min\u00faty"},"schema":{"@context":"https:\/\/schema.org","@graph":[{"@type":"WebPage","@id":"https:\/\/gt.limo\/sk\/transfery-schwechat-kyvadlova-doprava-point-to-point\/","url":"https:\/\/gt.limo\/sk\/transfery-schwechat-kyvadlova-doprava-point-to-point\/","name":"Transfery Schwechat \/ Kyvadlov\u00e1 doprava \/ Point-to-Point - GT Limo - Bratislava Limousine Service","isPartOf":{"@id":"https:\/\/gt.limo\/#website"},"primaryImageOfPage":{"@id":"https:\/\/gt.limo\/sk\/transfery-schwechat-kyvadlova-doprava-point-to-point\/#primaryimage"},"image":{"@id":"https:\/\/gt.limo\/sk\/transfery-schwechat-kyvadlova-doprava-point-to-point\/#primaryimage"},"thumbnailUrl":"https:\/\/gt.limo\/wp-content\/uploads\/2024\/07\/Mercedes-E-class-Vienna-to-Bratislava-transfer.jpg","datePublished":"2024-08-28T15:20:38+00:00","dateModified":"2024-08-31T11:13:33+00:00","description":"Za\u017eite pr\u00e9miov\u00e9 slu\u017eby \"point-to-point\" s na\u0161imi transfermi a kyvadlov\u00fdmi slu\u017ebami. U\u017eite si skvel\u00fa jazdu medzi Bratislavou a Schwechatom.","breadcrumb":{"@id":"https:\/\/gt.limo\/sk\/transfery-schwechat-kyvadlova-doprava-point-to-point\/#breadcrumb"},"inLanguage":"sk-SK","potentialAction":[{"@type":"ReadAction","target":["https:\/\/gt.limo\/sk\/transfery-schwechat-kyvadlova-doprava-point-to-point\/"]}]},{"@type":"ImageObject","inLanguage":"sk-SK","@id":"https:\/\/gt.limo\/sk\/transfery-schwechat-kyvadlova-doprava-point-to-point\/#primaryimage","url":"https:\/\/gt.limo\/wp-content\/uploads\/2024\/07\/Mercedes-E-class-Vienna-to-Bratislava-transfer.jpg","contentUrl":"https:\/\/gt.limo\/wp-content\/uploads\/2024\/07\/Mercedes-E-class-Vienna-to-Bratislava-transfer.jpg"},{"@type":"BreadcrumbList","@id":"https:\/\/gt.limo\/sk\/transfery-schwechat-kyvadlova-doprava-point-to-point\/#breadcrumb","itemListElement":[{"@type":"ListItem","position":1,"name":"Home","item":"https:\/\/gt.limo\/sk\/"},{"@type":"ListItem","position":2,"name":"Transfery Schwechat \/ Kyvadlov\u00e1 doprava \/ Point-to-Point"}]},{"@type":"WebSite","@id":"https:\/\/gt.limo\/#website","url":"https:\/\/gt.limo\/","name":"GT Limo - Bratislava Limousine Service","description":"","potentialAction":[{"@type":"SearchAction","target":{"@type":"EntryPoint","urlTemplate":"https:\/\/gt.limo\/?s={search_term_string}"},"query-input":{"@type":"PropertyValueSpecification","valueRequired":true,"valueName":"search_term_string"}}],"inLanguage":"sk-SK"}]}},"_links":{"self":[{"href":"https:\/\/gt.limo\/sk\/wp-json\/wp\/v2\/pages\/1828"}],"collection":[{"href":"https:\/\/gt.limo\/sk\/wp-json\/wp\/v2\/pages"}],"about":[{"href":"https:\/\/gt.limo\/sk\/wp-json\/wp\/v2\/types\/page"}],"author":[{"embeddable":true,"href":"https:\/\/gt.limo\/sk\/wp-json\/wp\/v2\/users\/1"}],"replies":[{"embeddable":true,"href":"https:\/\/gt.limo\/sk\/wp-json\/wp\/v2\/comments?post=1828"}],"version-history":[{"count":1,"href":"https:\/\/gt.limo\/sk\/wp-json\/wp\/v2\/pages\/1828\/revisions"}],"predecessor-version":[{"id":1829,"href":"https:\/\/gt.limo\/sk\/wp-json\/wp\/v2\/pages\/1828\/revisions\/1829"}],"wp:attachment":[{"href":"https:\/\/gt.limo\/sk\/wp-json\/wp\/v2\/media?parent=1828"}],"curies":[{"name":"wp","href":"https:\/\/api.w.org\/{rel}","templated":true}]}}