{"id":1824,"date":"2024-08-28T17:16:55","date_gmt":"2024-08-28T15:16:55","guid":{"rendered":"https:\/\/gt.limo\/city-transfer\/"},"modified":"2024-08-31T13:16:51","modified_gmt":"2024-08-31T11:16:51","slug":"city-transfer","status":"publish","type":"page","link":"https:\/\/gt.limo\/sk\/city-transfer\/","title":{"rendered":"City Transfer"},"content":{"rendered":"\t\t<div data-elementor-type=\"wp-page\" data-elementor-id=\"1824\" class=\"elementor elementor-1824 elementor-1523\">\n\t\t\t\t<div class=\"elementor-element elementor-element-5c108da e-flex e-con-boxed wpr-particle-no wpr-jarallax-no wpr-parallax-no wpr-sticky-section-no e-con e-parent\" data-id=\"5c108da\" data-element_type=\"container\" data-settings=\"{&quot;background_background&quot;:&quot;classic&quot;}\">\n\t\t\t\t\t<div class=\"e-con-inner\">\n\t\t\t\t<div class=\"elementor-element elementor-element-11fc28b elementor-widget elementor-widget-heading\" data-id=\"11fc28b\" data-element_type=\"widget\" data-widget_type=\"heading.default\">\n\t\t\t\t<div class=\"elementor-widget-container\">\n\t\t\t<h2 class=\"elementor-heading-title elementor-size-default\">City Transfer<\/h2>\t\t<\/div>\n\t\t\t\t<\/div>\n\t\t\t\t<div class=\"elementor-element elementor-element-b07701f elementor-widget elementor-widget-heading\" data-id=\"b07701f\" data-element_type=\"widget\" data-widget_type=\"heading.default\">\n\t\t\t\t<div class=\"elementor-widget-container\">\n\t\t\t<h1 class=\"elementor-heading-title elementor-size-default\">GT Limo Bratislava: Slu\u017eby \u0161of\u00e9ra \/ Limuz\u00ednov\u00e9 slu\u017eby \/ Roadshow<\/h1>\t\t<\/div>\n\t\t\t\t<\/div>\n\t\t\t\t\t<\/div>\n\t\t\t\t<\/div>\n\t\t<div class=\"elementor-element elementor-element-dc42d68 e-flex e-con-boxed wpr-particle-no wpr-jarallax-no wpr-parallax-no wpr-sticky-section-no e-con e-parent\" data-id=\"dc42d68\" data-element_type=\"container\">\n\t\t\t\t\t<div class=\"e-con-inner\">\n\t\t<div class=\"elementor-element elementor-element-e084ee7 e-flex e-con-boxed wpr-particle-no wpr-jarallax-no wpr-parallax-no wpr-sticky-section-no e-con e-child\" data-id=\"e084ee7\" data-element_type=\"container\">\n\t\t\t\t\t<div class=\"e-con-inner\">\n\t\t\t\t<div class=\"elementor-element elementor-element-f1b9e59 elementor-widget elementor-widget-image\" data-id=\"f1b9e59\" data-element_type=\"widget\" data-widget_type=\"image.default\">\n\t\t\t\t<div class=\"elementor-widget-container\">\n\t\t\t\t\t\t\t\t\t\t\t\t\t<img fetchpriority=\"high\" decoding=\"async\" width=\"900\" height=\"410\" src=\"https:\/\/gt.limo\/wp-content\/uploads\/2024\/05\/v-class-interior-front.jpg\" class=\"attachment-full size-full wp-image-82\" alt=\"\" srcset=\"https:\/\/gt.limo\/wp-content\/uploads\/2024\/05\/v-class-interior-front.jpg 900w, https:\/\/gt.limo\/wp-content\/uploads\/2024\/05\/v-class-interior-front-300x137.jpg 300w, https:\/\/gt.limo\/wp-content\/uploads\/2024\/05\/v-class-interior-front-768x350.jpg 768w\" sizes=\"(max-width: 900px) 100vw, 900px\" \/>\t\t\t\t\t\t\t\t\t\t\t\t\t<\/div>\n\t\t\t\t<\/div>\n\t\t\t\t\t<\/div>\n\t\t\t\t<\/div>\n\t\t<div class=\"elementor-element elementor-element-d929acc e-flex e-con-boxed wpr-particle-no wpr-jarallax-no wpr-parallax-no wpr-sticky-section-no e-con e-child\" data-id=\"d929acc\" data-element_type=\"container\">\n\t\t\t\t\t<div class=\"e-con-inner\">\n\t\t\t\t<div class=\"elementor-element elementor-element-630df68 elementor-widget elementor-widget-heading\" data-id=\"630df68\" data-element_type=\"widget\" data-widget_type=\"heading.default\">\n\t\t\t\t<div class=\"elementor-widget-container\">\n\t\t\t<h2 class=\"elementor-heading-title elementor-size-default\">Professional Chauffeured Limousine Services<\/h2>\t\t<\/div>\n\t\t\t\t<\/div>\n\t\t\t\t<div class=\"elementor-element elementor-element-351af55 elementor-widget elementor-widget-text-editor\" data-id=\"351af55\" data-element_type=\"widget\" data-widget_type=\"text-editor.default\">\n\t\t\t\t<div class=\"elementor-widget-container\">\n\t\t\t\t\t\t\t<div class=\"flex max-w-full flex-col flex-grow\">\n<div class=\"min-h-[20px] text-message flex w-full flex-col items-end gap-2 break-words [.text-message+&amp;]:mt-5 overflow-x-auto whitespace-normal\" dir=\"auto\" data-message-author-role=\"assistant\" data-message-id=\"8715adb6-f129-4c55-bbb3-ef55206dc827\">\n<div class=\"flex w-full flex-col gap-1 empty:hidden first:pt-[3px]\">\n<div class=\"markdown prose w-full break-words dark:prose-invert light\">\n<p>Pren\u00e1jom luxusn\u00fdch \u00e1ut a limuz\u00edn od GT Limousines je ide\u00e1lnym sp\u00f4sobom, ako zap\u00f4sobi\u0165 na klientov, odmeni\u0165 zamestnancov a z\u00e1kazn\u00edkov, alebo jednoducho zabezpe\u010di\u0165 pohodln\u00fd presun z jedn\u00e9ho miesta na druh\u00e9. Kombinovanie na\u0161ich luxusn\u00fdch vozidiel so zdvoril\u00fdmi a profesion\u00e1lnymi \u0161of\u00e9rmi zaru\u010duje, \u017ee vy alebo va\u0161i hostia m\u00f4\u017eete cestova\u0165 v maxim\u00e1lnom pohodl\u00ed. Na\u0161e slu\u017eby m\u00f4\u017eu by\u0165 vyu\u017eit\u00e9 na \u0161irok\u00e9 spektrum \u00fa\u010delov, ako napr. transfer na letisko, ve\u010dern\u00e9 podujatia, firemn\u00e9 oslavy \u010di presun z jedn\u00e9ho stretnutia na druh\u00e9 v\u010das.<\/p>\n<\/div>\n<\/div>\n<\/div>\n<\/div>\n\t\t\t\t\t\t<\/div>\n\t\t\t\t<\/div>\n\t\t\t\t\t<\/div>\n\t\t\t\t<\/div>\n\t\t\t\t\t<\/div>\n\t\t\t\t<\/div>\n\t\t<div class=\"elementor-element elementor-element-d29257c e-flex e-con-boxed wpr-particle-no wpr-jarallax-no wpr-parallax-no wpr-sticky-section-no e-con e-parent\" data-id=\"d29257c\" data-element_type=\"container\" data-settings=\"{&quot;background_background&quot;:&quot;classic&quot;}\">\n\t\t\t\t\t<div class=\"e-con-inner\">\n\t\t<div class=\"elementor-element elementor-element-a1c8c6b e-con-full e-flex wpr-particle-no wpr-jarallax-no wpr-parallax-no wpr-sticky-section-no e-con e-child\" data-id=\"a1c8c6b\" data-element_type=\"container\">\n\t\t<div class=\"elementor-element elementor-element-3de2f09 e-con-full e-flex wpr-particle-no wpr-jarallax-no wpr-parallax-no wpr-sticky-section-no e-con e-child\" data-id=\"3de2f09\" data-element_type=\"container\" data-settings=\"{&quot;background_background&quot;:&quot;classic&quot;}\">\n\t\t<div class=\"elementor-element elementor-element-540f3b9 e-con-full e-flex wpr-particle-no wpr-jarallax-no wpr-parallax-no wpr-sticky-section-no e-con e-child\" data-id=\"540f3b9\" data-element_type=\"container\" data-settings=\"{&quot;background_background&quot;:&quot;classic&quot;}\">\n\t\t\t\t<div class=\"elementor-element elementor-element-199078e elementor-widget elementor-widget-text-editor\" data-id=\"199078e\" data-element_type=\"widget\" data-widget_type=\"text-editor.default\">\n\t\t\t\t<div class=\"elementor-widget-container\">\n\t\t\t\t\t\t\t<p><strong>GT LIMO Online Rezerva\u010dn\u00fd Syst\u00e9m<\/strong><\/p>\n<p>&nbsp;<\/p>\n\t\t\t\t\t\t<\/div>\n\t\t\t\t<\/div>\n\t\t\t\t<div class=\"elementor-element elementor-element-6113805 elementor-widget elementor-widget-html\" data-id=\"6113805\" data-element_type=\"widget\" data-widget_type=\"html.default\">\n\t\t\t\t<div class=\"elementor-widget-container\">\n\t\t\t<button class=\"shbt\" onclick=\"myFunction()\">Reservation &nbsp;<i class=\"fa fa-chevron-down\"><\/i><\/button> \r\n<style> \r\n    .shbt { \r\n        font-size: 18px;\r\n        font-weight: 600;\r\n        color: white;\r\n        background:black; \r\n        transition-duration: .2s;\r\n        border: 2px solid;\r\n        border-color: black;\r\n        padding:18px 30px; \r\n        border-radius: 10px \r\n    }     \r\n    .shbt:hover, .shbt:focus{ \r\n        background:transparent; \r\n        text-decoration: none;\r\n        border: 2px solid;\r\n        border-color: white;\r\n    } \r\n    #sechide { \r\n        display:none; \r\n    }     \r\n    .secshow { \r\n    display:block !important; \r\n    } \r\n<\/style> \r\n<script> \r\nfunction myFunction() { \r\n   var element = document.getElementById(\"sechide\"); \r\n   element.classList.toggle(\"secshow\"); \r\n} \r\n<\/script>\t\t<\/div>\n\t\t\t\t<\/div>\n\t\t\t\t<\/div>\n\t\t<div class=\"elementor-element elementor-element-729b2e1 e-con-full e-flex wpr-particle-no wpr-jarallax-no wpr-parallax-no wpr-sticky-section-no elementor-invisible e-con e-child\" data-id=\"729b2e1\" data-element_type=\"container\" id=\"sechide\" data-settings=\"{&quot;animation&quot;:&quot;fadeIn&quot;,&quot;animation_delay&quot;:0}\">\n\t\t\t\t<div class=\"elementor-element elementor-element-0983683 elementor-widget elementor-widget-html\" data-id=\"0983683\" data-element_type=\"widget\" data-widget_type=\"html.default\">\n\t\t\t\t<div class=\"elementor-widget-container\">\n\t\t\t<a href=\"https:\/\/book.mylimobiz.com\/v4\/gtlm\" data-ores-widget=\"website\" data-ores-alias=\"gtlm\"><script src=\"https:\/\/book.mylimobiz.com\/v4\/widgets\/widget-loader.js\" type=\"text\/javascript\"><\/script><\/a>\t\t<\/div>\n\t\t\t\t<\/div>\n\t\t\t\t<\/div>\n\t\t\t\t<\/div>\n\t\t\t\t<\/div>\n\t\t\t\t<div class=\"elementor-element elementor-element-8cf3272 elementor-widget elementor-widget-text-editor\" data-id=\"8cf3272\" data-element_type=\"widget\" data-widget_type=\"text-editor.default\">\n\t\t\t\t<div class=\"elementor-widget-container\">\n\t\t\t\t\t\t\t<div class=\"flex max-w-full flex-col flex-grow\">\n<div class=\"min-h-[20px] text-message flex w-full flex-col items-end gap-2 break-words [.text-message+&amp;]:mt-5 overflow-x-auto whitespace-normal\" dir=\"auto\" data-message-author-role=\"assistant\" data-message-id=\"7367f028-a760-4e49-b0de-09bdb111ea02\">\n<div class=\"flex w-full flex-col gap-1 empty:hidden first:pt-[3px]\">\n<div class=\"markdown prose w-full break-words dark:prose-invert light\">\n<p>Pon\u00fakame v\u0161etky formy slu\u017eieb \u0161of\u00e9ra v Bratislave, Viedni, Prahe, Budape\u0161ti a \u010fal\u0161\u00edch mest\u00e1ch, ako aj len vodi\u010da, pre v\u0161etky typy transferov a ciest, vr\u00e1tane:<\/p>\n<\/div>\n<\/div>\n<\/div>\n<\/div>\n\t\t\t\t\t\t<\/div>\n\t\t\t\t<\/div>\n\t\t\t\t\t<\/div>\n\t\t\t\t<\/div>\n\t\t\t\t<\/div>\n\t\t","protected":false},"excerpt":{"rendered":"<p>City Transfer GT Limo Bratislava: Slu\u017eby \u0161of\u00e9ra \/ Limuz\u00ednov\u00e9 slu\u017eby \/ Roadshow Professional Chauffeured Limousine Services Pren\u00e1jom luxusn\u00fdch \u00e1ut a limuz\u00edn od GT Limousines je ide\u00e1lnym sp\u00f4sobom, ako zap\u00f4sobi\u0165 na klientov, odmeni\u0165 zamestnancov a z\u00e1kazn\u00edkov, alebo jednoducho zabezpe\u010di\u0165 pohodln\u00fd presun z jedn\u00e9ho miesta na druh\u00e9. Kombinovanie na\u0161ich luxusn\u00fdch vozidiel so zdvoril\u00fdmi a profesion\u00e1lnymi \u0161of\u00e9rmi zaru\u010duje, \u017ee vy alebo va\u0161i hostia m\u00f4\u017eete cestova\u0165 v maxim\u00e1lnom pohodl\u00ed. Na\u0161e slu\u017eby m\u00f4\u017eu by\u0165 vyu\u017eit\u00e9 na \u0161irok\u00e9 spektrum \u00fa\u010delov, ako napr. transfer na letisko, ve\u010dern\u00e9 podujatia, firemn\u00e9 oslavy \u010di presun z jedn\u00e9ho stretnutia na druh\u00e9 v\u010das. GT LIMO Online Rezerva\u010dn\u00fd Syst\u00e9m &nbsp; Reservation &nbsp; Pon\u00fakame v\u0161etky formy slu\u017eieb \u0161of\u00e9ra v Bratislave, Viedni, Prahe, Budape\u0161ti a \u010fal\u0161\u00edch mest\u00e1ch, ako aj len vodi\u010da, pre v\u0161etky typy transferov a ciest, vr\u00e1tane:<\/p>\n","protected":false},"author":1,"featured_media":0,"parent":0,"menu_order":0,"comment_status":"closed","ping_status":"closed","template":"elementor_header_footer","meta":{"_acf_changed":false,"footnotes":""},"class_list":["post-1824","page","type-page","status-publish","hentry"],"acf":[],"yoast_head":"<!-- This site is optimized with the Yoast SEO plugin v23.4 - https:\/\/yoast.com\/wordpress\/plugins\/seo\/ -->\n<title>Chauffeur and Limousine Services - GT Limo - Bratislava Limousine Service<\/title>\n<meta name=\"description\" content=\"\u010ci u\u017e ide o sofistikovan\u00fd roadshow, transfer na letisko alebo in\u00e9 \u0161peci\u00e1lne podujatie, u\u017e\u00edvajte si luxus a spo\u013eahlivos\u0165.\" \/>\n<meta name=\"robots\" content=\"index, follow, max-snippet:-1, max-image-preview:large, max-video-preview:-1\" \/>\n<link rel=\"canonical\" href=\"https:\/\/gt.limo\/sk\/city-transfer\/\" \/>\n<meta property=\"og:locale\" content=\"sk_SK\" \/>\n<meta property=\"og:type\" content=\"article\" \/>\n<meta property=\"og:title\" content=\"Chauffeur and Limousine Services - GT Limo - Bratislava Limousine Service\" \/>\n<meta property=\"og:description\" content=\"\u010ci u\u017e ide o sofistikovan\u00fd roadshow, transfer na letisko alebo in\u00e9 \u0161peci\u00e1lne podujatie, u\u017e\u00edvajte si luxus a spo\u013eahlivos\u0165.\" \/>\n<meta property=\"og:url\" content=\"https:\/\/gt.limo\/sk\/city-transfer\/\" \/>\n<meta property=\"og:site_name\" content=\"GT Limo - Bratislava Limousine Service\" \/>\n<meta property=\"article:modified_time\" content=\"2024-08-31T11:16:51+00:00\" \/>\n<meta property=\"og:image\" content=\"https:\/\/gt.limo\/wp-content\/uploads\/2024\/05\/v-class-interior-front.jpg\" \/>\n<meta name=\"twitter:card\" content=\"summary_large_image\" \/>\n<meta name=\"twitter:label1\" content=\"Predpokladan\u00fd \u010das \u010d\u00edtania\" \/>\n\t<meta name=\"twitter:data1\" content=\"1 min\u00fata\" \/>\n<script type=\"application\/ld+json\" class=\"yoast-schema-graph\">{\"@context\":\"https:\/\/schema.org\",\"@graph\":[{\"@type\":\"WebPage\",\"@id\":\"https:\/\/gt.limo\/sk\/city-transfer\/\",\"url\":\"https:\/\/gt.limo\/sk\/city-transfer\/\",\"name\":\"Chauffeur and Limousine Services - GT Limo - Bratislava Limousine Service\",\"isPartOf\":{\"@id\":\"https:\/\/gt.limo\/#website\"},\"primaryImageOfPage\":{\"@id\":\"https:\/\/gt.limo\/sk\/city-transfer\/#primaryimage\"},\"image\":{\"@id\":\"https:\/\/gt.limo\/sk\/city-transfer\/#primaryimage\"},\"thumbnailUrl\":\"https:\/\/gt.limo\/wp-content\/uploads\/2024\/05\/v-class-interior-front.jpg\",\"datePublished\":\"2024-08-28T15:16:55+00:00\",\"dateModified\":\"2024-08-31T11:16:51+00:00\",\"description\":\"\u010ci u\u017e ide o sofistikovan\u00fd roadshow, transfer na letisko alebo in\u00e9 \u0161peci\u00e1lne podujatie, u\u017e\u00edvajte si luxus a spo\u013eahlivos\u0165.\",\"breadcrumb\":{\"@id\":\"https:\/\/gt.limo\/sk\/city-transfer\/#breadcrumb\"},\"inLanguage\":\"sk-SK\",\"potentialAction\":[{\"@type\":\"ReadAction\",\"target\":[\"https:\/\/gt.limo\/sk\/city-transfer\/\"]}]},{\"@type\":\"ImageObject\",\"inLanguage\":\"sk-SK\",\"@id\":\"https:\/\/gt.limo\/sk\/city-transfer\/#primaryimage\",\"url\":\"https:\/\/gt.limo\/wp-content\/uploads\/2024\/05\/v-class-interior-front.jpg\",\"contentUrl\":\"https:\/\/gt.limo\/wp-content\/uploads\/2024\/05\/v-class-interior-front.jpg\"},{\"@type\":\"BreadcrumbList\",\"@id\":\"https:\/\/gt.limo\/sk\/city-transfer\/#breadcrumb\",\"itemListElement\":[{\"@type\":\"ListItem\",\"position\":1,\"name\":\"Home\",\"item\":\"https:\/\/gt.limo\/sk\/\"},{\"@type\":\"ListItem\",\"position\":2,\"name\":\"City Transfer\"}]},{\"@type\":\"WebSite\",\"@id\":\"https:\/\/gt.limo\/#website\",\"url\":\"https:\/\/gt.limo\/\",\"name\":\"GT Limo - Bratislava Limousine Service\",\"description\":\"\",\"potentialAction\":[{\"@type\":\"SearchAction\",\"target\":{\"@type\":\"EntryPoint\",\"urlTemplate\":\"https:\/\/gt.limo\/?s={search_term_string}\"},\"query-input\":{\"@type\":\"PropertyValueSpecification\",\"valueRequired\":true,\"valueName\":\"search_term_string\"}}],\"inLanguage\":\"sk-SK\"}]}<\/script>\n<!-- \/ Yoast SEO plugin. -->","yoast_head_json":{"title":"Chauffeur and Limousine Services - GT Limo - Bratislava Limousine Service","description":"\u010ci u\u017e ide o sofistikovan\u00fd roadshow, transfer na letisko alebo in\u00e9 \u0161peci\u00e1lne podujatie, u\u017e\u00edvajte si luxus a spo\u013eahlivos\u0165.","robots":{"index":"index","follow":"follow","max-snippet":"max-snippet:-1","max-image-preview":"max-image-preview:large","max-video-preview":"max-video-preview:-1"},"canonical":"https:\/\/gt.limo\/sk\/city-transfer\/","og_locale":"sk_SK","og_type":"article","og_title":"Chauffeur and Limousine Services - GT Limo - Bratislava Limousine Service","og_description":"\u010ci u\u017e ide o sofistikovan\u00fd roadshow, transfer na letisko alebo in\u00e9 \u0161peci\u00e1lne podujatie, u\u017e\u00edvajte si luxus a spo\u013eahlivos\u0165.","og_url":"https:\/\/gt.limo\/sk\/city-transfer\/","og_site_name":"GT Limo - Bratislava Limousine Service","article_modified_time":"2024-08-31T11:16:51+00:00","og_image":[{"url":"https:\/\/gt.limo\/wp-content\/uploads\/2024\/05\/v-class-interior-front.jpg"}],"twitter_card":"summary_large_image","twitter_misc":{"Predpokladan\u00fd \u010das \u010d\u00edtania":"1 min\u00fata"},"schema":{"@context":"https:\/\/schema.org","@graph":[{"@type":"WebPage","@id":"https:\/\/gt.limo\/sk\/city-transfer\/","url":"https:\/\/gt.limo\/sk\/city-transfer\/","name":"Chauffeur and Limousine Services - GT Limo - Bratislava Limousine Service","isPartOf":{"@id":"https:\/\/gt.limo\/#website"},"primaryImageOfPage":{"@id":"https:\/\/gt.limo\/sk\/city-transfer\/#primaryimage"},"image":{"@id":"https:\/\/gt.limo\/sk\/city-transfer\/#primaryimage"},"thumbnailUrl":"https:\/\/gt.limo\/wp-content\/uploads\/2024\/05\/v-class-interior-front.jpg","datePublished":"2024-08-28T15:16:55+00:00","dateModified":"2024-08-31T11:16:51+00:00","description":"\u010ci u\u017e ide o sofistikovan\u00fd roadshow, transfer na letisko alebo in\u00e9 \u0161peci\u00e1lne podujatie, u\u017e\u00edvajte si luxus a spo\u013eahlivos\u0165.","breadcrumb":{"@id":"https:\/\/gt.limo\/sk\/city-transfer\/#breadcrumb"},"inLanguage":"sk-SK","potentialAction":[{"@type":"ReadAction","target":["https:\/\/gt.limo\/sk\/city-transfer\/"]}]},{"@type":"ImageObject","inLanguage":"sk-SK","@id":"https:\/\/gt.limo\/sk\/city-transfer\/#primaryimage","url":"https:\/\/gt.limo\/wp-content\/uploads\/2024\/05\/v-class-interior-front.jpg","contentUrl":"https:\/\/gt.limo\/wp-content\/uploads\/2024\/05\/v-class-interior-front.jpg"},{"@type":"BreadcrumbList","@id":"https:\/\/gt.limo\/sk\/city-transfer\/#breadcrumb","itemListElement":[{"@type":"ListItem","position":1,"name":"Home","item":"https:\/\/gt.limo\/sk\/"},{"@type":"ListItem","position":2,"name":"City Transfer"}]},{"@type":"WebSite","@id":"https:\/\/gt.limo\/#website","url":"https:\/\/gt.limo\/","name":"GT Limo - Bratislava Limousine Service","description":"","potentialAction":[{"@type":"SearchAction","target":{"@type":"EntryPoint","urlTemplate":"https:\/\/gt.limo\/?s={search_term_string}"},"query-input":{"@type":"PropertyValueSpecification","valueRequired":true,"valueName":"search_term_string"}}],"inLanguage":"sk-SK"}]}},"_links":{"self":[{"href":"https:\/\/gt.limo\/sk\/wp-json\/wp\/v2\/pages\/1824"}],"collection":[{"href":"https:\/\/gt.limo\/sk\/wp-json\/wp\/v2\/pages"}],"about":[{"href":"https:\/\/gt.limo\/sk\/wp-json\/wp\/v2\/types\/page"}],"author":[{"embeddable":true,"href":"https:\/\/gt.limo\/sk\/wp-json\/wp\/v2\/users\/1"}],"replies":[{"embeddable":true,"href":"https:\/\/gt.limo\/sk\/wp-json\/wp\/v2\/comments?post=1824"}],"version-history":[{"count":1,"href":"https:\/\/gt.limo\/sk\/wp-json\/wp\/v2\/pages\/1824\/revisions"}],"predecessor-version":[{"id":1825,"href":"https:\/\/gt.limo\/sk\/wp-json\/wp\/v2\/pages\/1824\/revisions\/1825"}],"wp:attachment":[{"href":"https:\/\/gt.limo\/sk\/wp-json\/wp\/v2\/media?parent=1824"}],"curies":[{"name":"wp","href":"https:\/\/api.w.org\/{rel}","templated":true}]}}