{"id":1822,"date":"2024-08-28T17:13:36","date_gmt":"2024-08-28T15:13:36","guid":{"rendered":"https:\/\/gt.limo\/transfer-z-letiska-bratislava\/"},"modified":"2024-08-31T13:13:54","modified_gmt":"2024-08-31T11:13:54","slug":"transfer-z-letiska-bratislava","status":"publish","type":"page","link":"https:\/\/gt.limo\/sk\/transfer-z-letiska-bratislava\/","title":{"rendered":"Transfer z letiska Bratislava"},"content":{"rendered":"\t\t<div data-elementor-type=\"wp-page\" data-elementor-id=\"1822\" class=\"elementor elementor-1822 elementor-1546\">\n\t\t\t\t<div class=\"elementor-element elementor-element-5c108da e-flex e-con-boxed wpr-particle-no wpr-jarallax-no wpr-parallax-no wpr-sticky-section-no e-con e-parent\" data-id=\"5c108da\" data-element_type=\"container\" data-settings=\"{&quot;background_background&quot;:&quot;classic&quot;}\">\n\t\t\t\t\t<div class=\"e-con-inner\">\n\t\t\t\t<div class=\"elementor-element elementor-element-11fc28b elementor-widget elementor-widget-heading\" data-id=\"11fc28b\" data-element_type=\"widget\" data-widget_type=\"heading.default\">\n\t\t\t\t<div class=\"elementor-widget-container\">\n\t\t\t<h2 class=\"elementor-heading-title elementor-size-default\">Letiskov\u00fd transfer<\/h2>\t\t<\/div>\n\t\t\t\t<\/div>\n\t\t\t\t<div class=\"elementor-element elementor-element-b07701f elementor-widget elementor-widget-heading\" data-id=\"b07701f\" data-element_type=\"widget\" data-widget_type=\"heading.default\">\n\t\t\t\t<div class=\"elementor-widget-container\">\n\t\t\t<h1 class=\"elementor-heading-title elementor-size-default\">Transfer z letiska Bratislava<\/h1>\t\t<\/div>\n\t\t\t\t<\/div>\n\t\t\t\t\t<\/div>\n\t\t\t\t<\/div>\n\t\t<div class=\"elementor-element elementor-element-dc42d68 e-flex e-con-boxed wpr-particle-no wpr-jarallax-no wpr-parallax-no wpr-sticky-section-no e-con e-parent\" data-id=\"dc42d68\" data-element_type=\"container\">\n\t\t\t\t\t<div class=\"e-con-inner\">\n\t\t<div class=\"elementor-element elementor-element-e084ee7 e-flex e-con-boxed wpr-particle-no wpr-jarallax-no wpr-parallax-no wpr-sticky-section-no e-con e-child\" data-id=\"e084ee7\" data-element_type=\"container\">\n\t\t\t\t\t<div class=\"e-con-inner\">\n\t\t\t\t<div class=\"elementor-element elementor-element-f1b9e59 elementor-widget elementor-widget-image\" data-id=\"f1b9e59\" data-element_type=\"widget\" data-widget_type=\"image.default\">\n\t\t\t\t<div class=\"elementor-widget-container\">\n\t\t\t\t\t\t\t\t\t\t\t\t\t<img fetchpriority=\"high\" decoding=\"async\" width=\"2560\" height=\"1707\" src=\"https:\/\/gt.limo\/wp-content\/uploads\/2024\/07\/mercedes-e-class-gt-limo-1-scaled.jpg\" class=\"attachment-full size-full wp-image-1041\" alt=\"\" srcset=\"https:\/\/gt.limo\/wp-content\/uploads\/2024\/07\/mercedes-e-class-gt-limo-1-scaled.jpg 2560w, https:\/\/gt.limo\/wp-content\/uploads\/2024\/07\/mercedes-e-class-gt-limo-1-300x200.jpg 300w, https:\/\/gt.limo\/wp-content\/uploads\/2024\/07\/mercedes-e-class-gt-limo-1-1024x683.jpg 1024w, https:\/\/gt.limo\/wp-content\/uploads\/2024\/07\/mercedes-e-class-gt-limo-1-768x512.jpg 768w, https:\/\/gt.limo\/wp-content\/uploads\/2024\/07\/mercedes-e-class-gt-limo-1-1536x1024.jpg 1536w, https:\/\/gt.limo\/wp-content\/uploads\/2024\/07\/mercedes-e-class-gt-limo-1-2048x1365.jpg 2048w\" sizes=\"(max-width: 2560px) 100vw, 2560px\" \/>\t\t\t\t\t\t\t\t\t\t\t\t\t<\/div>\n\t\t\t\t<\/div>\n\t\t\t\t\t<\/div>\n\t\t\t\t<\/div>\n\t\t<div class=\"elementor-element elementor-element-d929acc e-flex e-con-boxed wpr-particle-no wpr-jarallax-no wpr-parallax-no wpr-sticky-section-no e-con e-child\" data-id=\"d929acc\" data-element_type=\"container\">\n\t\t\t\t\t<div class=\"e-con-inner\">\n\t\t\t\t<div class=\"elementor-element elementor-element-630df68 elementor-widget elementor-widget-heading\" data-id=\"630df68\" data-element_type=\"widget\" data-widget_type=\"heading.default\">\n\t\t\t\t<div class=\"elementor-widget-container\">\n\t\t\t<h2 class=\"elementor-heading-title elementor-size-default\">Profesion\u00e1lny letiskov\u00fd transfer<\/h2>\t\t<\/div>\n\t\t\t\t<\/div>\n\t\t\t\t<div class=\"elementor-element elementor-element-351af55 elementor-widget elementor-widget-text-editor\" data-id=\"351af55\" data-element_type=\"widget\" data-widget_type=\"text-editor.default\">\n\t\t\t\t<div class=\"elementor-widget-container\">\n\t\t\t\t\t\t\t<div class=\"flex max-w-full flex-col flex-grow\">\n<div class=\"min-h-[20px] text-message flex w-full flex-col items-end gap-2 break-words [.text-message+&amp;]:mt-5 overflow-x-auto whitespace-normal\" dir=\"auto\" data-message-author-role=\"assistant\" data-message-id=\"1540d05e-a590-4419-9c20-3ab81806206b\">\n<div class=\"flex w-full flex-col gap-1 empty:hidden first:pt-[3px]\">\n<div class=\"markdown prose w-full break-words dark:prose-invert light\">\n<p>Na\u0161a spolo\u010dnos\u0165 s\u00eddli v Bratislave a ve\u013ea na\u0161ich transferov na letisko za\u010d\u00edna na letisku Bratislava (BTS). Na\u0161i anglicky hovoriaci vodi\u010di v\u00e1s priv\u00edtaj\u00fa v pr\u00edletovej hale a odvez\u00fa v\u00e1s k \u010distej a bezpe\u010dnej limuz\u00edne, kde sa m\u00f4\u017eete pohodlne uvo\u013eni\u0165 na ceste do v\u00e1\u0161ho hotela v Bratislave, Viedni, Prahe, Budape\u0161ti alebo in\u00e9mu okolit\u00e9mu mestu.<\/p>\n<\/div>\n<\/div>\n<\/div>\n<\/div>\n\t\t\t\t\t\t<\/div>\n\t\t\t\t<\/div>\n\t\t\t\t\t<\/div>\n\t\t\t\t<\/div>\n\t\t\t\t\t<\/div>\n\t\t\t\t<\/div>\n\t\t<div class=\"elementor-element elementor-element-d29257c e-flex e-con-boxed wpr-particle-no wpr-jarallax-no wpr-parallax-no wpr-sticky-section-no e-con e-parent\" data-id=\"d29257c\" data-element_type=\"container\" data-settings=\"{&quot;background_background&quot;:&quot;classic&quot;}\">\n\t\t\t\t\t<div class=\"e-con-inner\">\n\t\t<div class=\"elementor-element elementor-element-a1c8c6b e-con-full e-flex wpr-particle-no wpr-jarallax-no wpr-parallax-no wpr-sticky-section-no e-con e-child\" data-id=\"a1c8c6b\" data-element_type=\"container\">\n\t\t<div class=\"elementor-element elementor-element-3de2f09 e-con-full e-flex wpr-particle-no wpr-jarallax-no wpr-parallax-no wpr-sticky-section-no e-con e-child\" data-id=\"3de2f09\" data-element_type=\"container\" data-settings=\"{&quot;background_background&quot;:&quot;classic&quot;}\">\n\t\t<div class=\"elementor-element elementor-element-540f3b9 e-con-full e-flex wpr-particle-no wpr-jarallax-no wpr-parallax-no wpr-sticky-section-no e-con e-child\" data-id=\"540f3b9\" data-element_type=\"container\" data-settings=\"{&quot;background_background&quot;:&quot;classic&quot;}\">\n\t\t\t\t<div class=\"elementor-element elementor-element-199078e elementor-widget elementor-widget-text-editor\" data-id=\"199078e\" data-element_type=\"widget\" data-widget_type=\"text-editor.default\">\n\t\t\t\t<div class=\"elementor-widget-container\">\n\t\t\t\t\t\t\t<p><strong>GT LIMO Online Rezerva\u010dn\u00fd Syst\u00e9m<\/strong><\/p>\n<p>&nbsp;<\/p>\n\t\t\t\t\t\t<\/div>\n\t\t\t\t<\/div>\n\t\t\t\t<div class=\"elementor-element elementor-element-6113805 elementor-widget elementor-widget-html\" data-id=\"6113805\" data-element_type=\"widget\" data-widget_type=\"html.default\">\n\t\t\t\t<div class=\"elementor-widget-container\">\n\t\t\t<button class=\"shbt\" onclick=\"myFunction()\">Reservation &nbsp;<i class=\"fa fa-chevron-down\"><\/i><\/button> \r\n<style> \r\n    .shbt { \r\n        font-size: 18px;\r\n        font-weight: 600;\r\n        color: white;\r\n        background:black; \r\n        transition-duration: .2s;\r\n        border: 2px solid;\r\n        border-color: black;\r\n        padding:18px 30px; \r\n        border-radius: 10px \r\n    }     \r\n    .shbt:hover, .shbt:focus{ \r\n        background:transparent; \r\n        text-decoration: none;\r\n        border: 2px solid;\r\n        border-color: white;\r\n    } \r\n    #sechide { \r\n        display:none; \r\n    }     \r\n    .secshow { \r\n    display:block !important; \r\n    } \r\n<\/style> \r\n<script> \r\nfunction myFunction() { \r\n   var element = document.getElementById(\"sechide\"); \r\n   element.classList.toggle(\"secshow\"); \r\n} \r\n<\/script>\t\t<\/div>\n\t\t\t\t<\/div>\n\t\t\t\t<\/div>\n\t\t<div class=\"elementor-element elementor-element-729b2e1 e-con-full e-flex wpr-particle-no wpr-jarallax-no wpr-parallax-no wpr-sticky-section-no elementor-invisible e-con e-child\" data-id=\"729b2e1\" data-element_type=\"container\" id=\"sechide\" data-settings=\"{&quot;animation&quot;:&quot;fadeIn&quot;,&quot;animation_delay&quot;:0}\">\n\t\t\t\t<div class=\"elementor-element elementor-element-0983683 elementor-widget elementor-widget-html\" data-id=\"0983683\" data-element_type=\"widget\" data-widget_type=\"html.default\">\n\t\t\t\t<div class=\"elementor-widget-container\">\n\t\t\t<a href=\"https:\/\/book.mylimobiz.com\/v4\/gtlm\" data-ores-widget=\"website\" data-ores-alias=\"gtlm\"><script src=\"https:\/\/book.mylimobiz.com\/v4\/widgets\/widget-loader.js\" type=\"text\/javascript\"><\/script><\/a>\t\t<\/div>\n\t\t\t\t<\/div>\n\t\t\t\t<\/div>\n\t\t\t\t<\/div>\n\t\t\t\t<\/div>\n\t\t\t\t<div class=\"elementor-element elementor-element-8cf3272 elementor-widget elementor-widget-text-editor\" data-id=\"8cf3272\" data-element_type=\"widget\" data-widget_type=\"text-editor.default\">\n\t\t\t\t<div class=\"elementor-widget-container\">\n\t\t\t\t\t\t\t<p>M\u00f4\u017eeme v\u00e1s vyzdvihn\u00fa\u0165 priamo pred va\u0161imi dverami, postara\u0165 sa o va\u0161u bato\u017einu a dopravi\u0165 v\u00e1s priamo na letisko. \u010ci u\u017e h\u013ead\u00e1te limuz\u00ednu na letisko alebo luxusn\u00fd minivan, na\u0161e s\u00fakromn\u00e9 limuz\u00ednov\u00e9 slu\u017eby prid\u00e1vaj\u00fa pohodlie a eleganciu va\u0161ej doprave v Bratislave.<\/p>\n<p>Pl\u00e1novanie firemn\u00fdch v\u00fdletov, rodinn\u00fdch ciest a obchodn\u00fdch dobrodru\u017estiev m\u00f4\u017ee by\u0165 \u010dasovo n\u00e1ro\u010dn\u00e9 a stresuj\u00face. Cestovanie z jedn\u00e9ho miesta na druh\u00e9 by nemalo by\u0165 nudn\u00e9 a stresuj\u00face. Preto si nenechajte pokazi\u0165 svoju cestu. \u010ci u\u017e potrebujete transfer alebo vyzdvihnutie, nemus\u00edte sa ob\u00e1va\u0165. Minimalizujte svoj stres pri pl\u00e1novan\u00ed \u010fal\u0161ej cesty a nechajte n\u00e1s postara\u0165 sa o parkovacie poplatky, bezpe\u010dnos\u0165 vozidla a v\u010dasn\u00fd pr\u00edchod \u2013 s na\u0161imi v\u00fdnimo\u010dn\u00fdmi cenami u\u0161etr\u00edte peniaze, ktor\u00e9 m\u00f4\u017eete vyu\u017ei\u0165 na in\u00e9 \u00fa\u010dely. Ozvite sa n\u00e1m e\u0161te dnes.<\/p>\n<p>Na\u0161i vodi\u010di s\u00fa k dispoz\u00edcii 24 hod\u00edn denne. Rezervujte si slu\u017ebu \u0161of\u00e9ra alebo si vy\u017eiadajte bezplatn\u00fa cenov\u00fa ponuku. Nap\u00ed\u0161te n\u00e1m na email: <a rel=\"noopener\">booking@gt.limo<\/a> alebo n\u00e1s kontaktujte na telef\u00f3nnom \u010d\u00edsle: 00421 948 882 443.<\/p>\n\t\t\t\t\t\t<\/div>\n\t\t\t\t<\/div>\n\t\t\t\t\t<\/div>\n\t\t\t\t<\/div>\n\t\t\t\t<\/div>\n\t\t","protected":false},"excerpt":{"rendered":"<p>Letiskov\u00fd transfer Transfer z letiska Bratislava Profesion\u00e1lny letiskov\u00fd transfer Na\u0161a spolo\u010dnos\u0165 s\u00eddli v Bratislave a ve\u013ea na\u0161ich transferov na letisko za\u010d\u00edna na letisku Bratislava (BTS). Na\u0161i anglicky hovoriaci vodi\u010di v\u00e1s priv\u00edtaj\u00fa v pr\u00edletovej hale a odvez\u00fa v\u00e1s k \u010distej a bezpe\u010dnej limuz\u00edne, kde sa m\u00f4\u017eete pohodlne uvo\u013eni\u0165 na ceste do v\u00e1\u0161ho hotela v Bratislave, Viedni, Prahe, Budape\u0161ti alebo in\u00e9mu okolit\u00e9mu mestu. GT LIMO Online Rezerva\u010dn\u00fd Syst\u00e9m &nbsp; Reservation &nbsp; M\u00f4\u017eeme v\u00e1s vyzdvihn\u00fa\u0165 priamo pred va\u0161imi dverami, postara\u0165 sa o va\u0161u bato\u017einu a dopravi\u0165 v\u00e1s priamo na letisko. \u010ci u\u017e h\u013ead\u00e1te limuz\u00ednu na letisko alebo luxusn\u00fd minivan, na\u0161e s\u00fakromn\u00e9 limuz\u00ednov\u00e9 slu\u017eby prid\u00e1vaj\u00fa pohodlie a eleganciu va\u0161ej doprave v Bratislave. Pl\u00e1novanie firemn\u00fdch v\u00fdletov, rodinn\u00fdch ciest a obchodn\u00fdch dobrodru\u017estiev m\u00f4\u017ee by\u0165 \u010dasovo n\u00e1ro\u010dn\u00e9 a stresuj\u00face. Cestovanie z jedn\u00e9ho miesta na druh\u00e9 by nemalo by\u0165 nudn\u00e9 a stresuj\u00face. Preto si nenechajte pokazi\u0165 svoju cestu. \u010ci u\u017e potrebujete transfer alebo vyzdvihnutie, nemus\u00edte sa ob\u00e1va\u0165. Minimalizujte svoj stres pri pl\u00e1novan\u00ed \u010fal\u0161ej cesty a nechajte n\u00e1s postara\u0165 sa o parkovacie poplatky, bezpe\u010dnos\u0165 vozidla a v\u010dasn\u00fd pr\u00edchod \u2013 s na\u0161imi v\u00fdnimo\u010dn\u00fdmi cenami u\u0161etr\u00edte peniaze, ktor\u00e9 m\u00f4\u017eete vyu\u017ei\u0165 na in\u00e9 \u00fa\u010dely. Ozvite sa n\u00e1m e\u0161te dnes. Na\u0161i vodi\u010di s\u00fa k dispoz\u00edcii 24 hod\u00edn denne. Rezervujte si slu\u017ebu \u0161of\u00e9ra alebo si vy\u017eiadajte bezplatn\u00fa cenov\u00fa ponuku. Nap\u00ed\u0161te n\u00e1m na email: booking@gt.limo alebo n\u00e1s kontaktujte na telef\u00f3nnom \u010d\u00edsle: 00421 948 882 443.<\/p>\n","protected":false},"author":1,"featured_media":0,"parent":0,"menu_order":0,"comment_status":"closed","ping_status":"closed","template":"elementor_header_footer","meta":{"_acf_changed":false,"footnotes":""},"class_list":["post-1822","page","type-page","status-publish","hentry"],"acf":[],"yoast_head":"<!-- This site is optimized with the Yoast SEO plugin v23.4 - https:\/\/yoast.com\/wordpress\/plugins\/seo\/ -->\n<title>Transfer z letiska Bratislava - GT Limo - Bratislava Limousine Service<\/title>\n<meta name=\"description\" content=\"Efekt\u00edvna preprava z letiska Bratislava s na\u0161imi taxi a limuz\u00ednov\u00fdmi slu\u017ebami. U\u017e\u00edvajte si pohodln\u00fa jazdu do alebo z letiska Bratislava.\" \/>\n<meta name=\"robots\" content=\"index, follow, max-snippet:-1, max-image-preview:large, max-video-preview:-1\" \/>\n<link rel=\"canonical\" href=\"https:\/\/gt.limo\/sk\/transfer-z-letiska-bratislava\/\" \/>\n<meta property=\"og:locale\" content=\"sk_SK\" \/>\n<meta property=\"og:type\" content=\"article\" \/>\n<meta property=\"og:title\" content=\"Transfer z letiska Bratislava - GT Limo - Bratislava Limousine Service\" \/>\n<meta property=\"og:description\" content=\"Efekt\u00edvna preprava z letiska Bratislava s na\u0161imi taxi a limuz\u00ednov\u00fdmi slu\u017ebami. U\u017e\u00edvajte si pohodln\u00fa jazdu do alebo z letiska Bratislava.\" \/>\n<meta property=\"og:url\" content=\"https:\/\/gt.limo\/sk\/transfer-z-letiska-bratislava\/\" \/>\n<meta property=\"og:site_name\" content=\"GT Limo - Bratislava Limousine Service\" \/>\n<meta property=\"article:modified_time\" content=\"2024-08-31T11:13:54+00:00\" \/>\n<meta property=\"og:image\" content=\"https:\/\/gt.limo\/wp-content\/uploads\/2024\/07\/mercedes-e-class-gt-limo-1-scaled.jpg\" \/>\n<meta name=\"twitter:card\" content=\"summary_large_image\" \/>\n<meta name=\"twitter:label1\" content=\"Predpokladan\u00fd \u010das \u010d\u00edtania\" \/>\n\t<meta name=\"twitter:data1\" content=\"2 min\u00faty\" \/>\n<script type=\"application\/ld+json\" class=\"yoast-schema-graph\">{\"@context\":\"https:\/\/schema.org\",\"@graph\":[{\"@type\":\"WebPage\",\"@id\":\"https:\/\/gt.limo\/sk\/transfer-z-letiska-bratislava\/\",\"url\":\"https:\/\/gt.limo\/sk\/transfer-z-letiska-bratislava\/\",\"name\":\"Transfer z letiska Bratislava - GT Limo - Bratislava Limousine Service\",\"isPartOf\":{\"@id\":\"https:\/\/gt.limo\/#website\"},\"primaryImageOfPage\":{\"@id\":\"https:\/\/gt.limo\/sk\/transfer-z-letiska-bratislava\/#primaryimage\"},\"image\":{\"@id\":\"https:\/\/gt.limo\/sk\/transfer-z-letiska-bratislava\/#primaryimage\"},\"thumbnailUrl\":\"https:\/\/gt.limo\/wp-content\/uploads\/2024\/07\/mercedes-e-class-gt-limo-1-scaled.jpg\",\"datePublished\":\"2024-08-28T15:13:36+00:00\",\"dateModified\":\"2024-08-31T11:13:54+00:00\",\"description\":\"Efekt\u00edvna preprava z letiska Bratislava s na\u0161imi taxi a limuz\u00ednov\u00fdmi slu\u017ebami. U\u017e\u00edvajte si pohodln\u00fa jazdu do alebo z letiska Bratislava.\",\"breadcrumb\":{\"@id\":\"https:\/\/gt.limo\/sk\/transfer-z-letiska-bratislava\/#breadcrumb\"},\"inLanguage\":\"sk-SK\",\"potentialAction\":[{\"@type\":\"ReadAction\",\"target\":[\"https:\/\/gt.limo\/sk\/transfer-z-letiska-bratislava\/\"]}]},{\"@type\":\"ImageObject\",\"inLanguage\":\"sk-SK\",\"@id\":\"https:\/\/gt.limo\/sk\/transfer-z-letiska-bratislava\/#primaryimage\",\"url\":\"https:\/\/gt.limo\/wp-content\/uploads\/2024\/07\/mercedes-e-class-gt-limo-1-scaled.jpg\",\"contentUrl\":\"https:\/\/gt.limo\/wp-content\/uploads\/2024\/07\/mercedes-e-class-gt-limo-1-scaled.jpg\"},{\"@type\":\"BreadcrumbList\",\"@id\":\"https:\/\/gt.limo\/sk\/transfer-z-letiska-bratislava\/#breadcrumb\",\"itemListElement\":[{\"@type\":\"ListItem\",\"position\":1,\"name\":\"Home\",\"item\":\"https:\/\/gt.limo\/sk\/\"},{\"@type\":\"ListItem\",\"position\":2,\"name\":\"Transfer z letiska Bratislava\"}]},{\"@type\":\"WebSite\",\"@id\":\"https:\/\/gt.limo\/#website\",\"url\":\"https:\/\/gt.limo\/\",\"name\":\"GT Limo - Bratislava Limousine Service\",\"description\":\"\",\"potentialAction\":[{\"@type\":\"SearchAction\",\"target\":{\"@type\":\"EntryPoint\",\"urlTemplate\":\"https:\/\/gt.limo\/?s={search_term_string}\"},\"query-input\":{\"@type\":\"PropertyValueSpecification\",\"valueRequired\":true,\"valueName\":\"search_term_string\"}}],\"inLanguage\":\"sk-SK\"}]}<\/script>\n<!-- \/ Yoast SEO plugin. -->","yoast_head_json":{"title":"Transfer z letiska Bratislava - GT Limo - Bratislava Limousine Service","description":"Efekt\u00edvna preprava z letiska Bratislava s na\u0161imi taxi a limuz\u00ednov\u00fdmi slu\u017ebami. U\u017e\u00edvajte si pohodln\u00fa jazdu do alebo z letiska Bratislava.","robots":{"index":"index","follow":"follow","max-snippet":"max-snippet:-1","max-image-preview":"max-image-preview:large","max-video-preview":"max-video-preview:-1"},"canonical":"https:\/\/gt.limo\/sk\/transfer-z-letiska-bratislava\/","og_locale":"sk_SK","og_type":"article","og_title":"Transfer z letiska Bratislava - GT Limo - Bratislava Limousine Service","og_description":"Efekt\u00edvna preprava z letiska Bratislava s na\u0161imi taxi a limuz\u00ednov\u00fdmi slu\u017ebami. U\u017e\u00edvajte si pohodln\u00fa jazdu do alebo z letiska Bratislava.","og_url":"https:\/\/gt.limo\/sk\/transfer-z-letiska-bratislava\/","og_site_name":"GT Limo - Bratislava Limousine Service","article_modified_time":"2024-08-31T11:13:54+00:00","og_image":[{"url":"https:\/\/gt.limo\/wp-content\/uploads\/2024\/07\/mercedes-e-class-gt-limo-1-scaled.jpg"}],"twitter_card":"summary_large_image","twitter_misc":{"Predpokladan\u00fd \u010das \u010d\u00edtania":"2 min\u00faty"},"schema":{"@context":"https:\/\/schema.org","@graph":[{"@type":"WebPage","@id":"https:\/\/gt.limo\/sk\/transfer-z-letiska-bratislava\/","url":"https:\/\/gt.limo\/sk\/transfer-z-letiska-bratislava\/","name":"Transfer z letiska Bratislava - GT Limo - Bratislava Limousine Service","isPartOf":{"@id":"https:\/\/gt.limo\/#website"},"primaryImageOfPage":{"@id":"https:\/\/gt.limo\/sk\/transfer-z-letiska-bratislava\/#primaryimage"},"image":{"@id":"https:\/\/gt.limo\/sk\/transfer-z-letiska-bratislava\/#primaryimage"},"thumbnailUrl":"https:\/\/gt.limo\/wp-content\/uploads\/2024\/07\/mercedes-e-class-gt-limo-1-scaled.jpg","datePublished":"2024-08-28T15:13:36+00:00","dateModified":"2024-08-31T11:13:54+00:00","description":"Efekt\u00edvna preprava z letiska Bratislava s na\u0161imi taxi a limuz\u00ednov\u00fdmi slu\u017ebami. U\u017e\u00edvajte si pohodln\u00fa jazdu do alebo z letiska Bratislava.","breadcrumb":{"@id":"https:\/\/gt.limo\/sk\/transfer-z-letiska-bratislava\/#breadcrumb"},"inLanguage":"sk-SK","potentialAction":[{"@type":"ReadAction","target":["https:\/\/gt.limo\/sk\/transfer-z-letiska-bratislava\/"]}]},{"@type":"ImageObject","inLanguage":"sk-SK","@id":"https:\/\/gt.limo\/sk\/transfer-z-letiska-bratislava\/#primaryimage","url":"https:\/\/gt.limo\/wp-content\/uploads\/2024\/07\/mercedes-e-class-gt-limo-1-scaled.jpg","contentUrl":"https:\/\/gt.limo\/wp-content\/uploads\/2024\/07\/mercedes-e-class-gt-limo-1-scaled.jpg"},{"@type":"BreadcrumbList","@id":"https:\/\/gt.limo\/sk\/transfer-z-letiska-bratislava\/#breadcrumb","itemListElement":[{"@type":"ListItem","position":1,"name":"Home","item":"https:\/\/gt.limo\/sk\/"},{"@type":"ListItem","position":2,"name":"Transfer z letiska Bratislava"}]},{"@type":"WebSite","@id":"https:\/\/gt.limo\/#website","url":"https:\/\/gt.limo\/","name":"GT Limo - Bratislava Limousine Service","description":"","potentialAction":[{"@type":"SearchAction","target":{"@type":"EntryPoint","urlTemplate":"https:\/\/gt.limo\/?s={search_term_string}"},"query-input":{"@type":"PropertyValueSpecification","valueRequired":true,"valueName":"search_term_string"}}],"inLanguage":"sk-SK"}]}},"_links":{"self":[{"href":"https:\/\/gt.limo\/sk\/wp-json\/wp\/v2\/pages\/1822"}],"collection":[{"href":"https:\/\/gt.limo\/sk\/wp-json\/wp\/v2\/pages"}],"about":[{"href":"https:\/\/gt.limo\/sk\/wp-json\/wp\/v2\/types\/page"}],"author":[{"embeddable":true,"href":"https:\/\/gt.limo\/sk\/wp-json\/wp\/v2\/users\/1"}],"replies":[{"embeddable":true,"href":"https:\/\/gt.limo\/sk\/wp-json\/wp\/v2\/comments?post=1822"}],"version-history":[{"count":1,"href":"https:\/\/gt.limo\/sk\/wp-json\/wp\/v2\/pages\/1822\/revisions"}],"predecessor-version":[{"id":1823,"href":"https:\/\/gt.limo\/sk\/wp-json\/wp\/v2\/pages\/1822\/revisions\/1823"}],"wp:attachment":[{"href":"https:\/\/gt.limo\/sk\/wp-json\/wp\/v2\/media?parent=1822"}],"curies":[{"name":"wp","href":"https:\/\/api.w.org\/{rel}","templated":true}]}}