{"id":1817,"date":"2024-08-28T17:25:47","date_gmt":"2024-08-28T15:25:47","guid":{"rendered":"https:\/\/gt.limo\/o-nas\/"},"modified":"2024-08-31T13:15:02","modified_gmt":"2024-08-31T11:15:02","slug":"o-nas","status":"publish","type":"page","link":"https:\/\/gt.limo\/sk\/o-nas\/","title":{"rendered":"O n\u00e1s"},"content":{"rendered":"\t\t<div data-elementor-type=\"wp-page\" data-elementor-id=\"1817\" class=\"elementor elementor-1817 elementor-1380\">\n\t\t\t\t<div class=\"elementor-element elementor-element-bbe682b e-flex e-con-boxed wpr-particle-no wpr-jarallax-no wpr-parallax-no wpr-sticky-section-no e-con e-parent\" data-id=\"bbe682b\" data-element_type=\"container\">\n\t\t\t\t\t<div class=\"e-con-inner\">\n\t\t\t\t<div class=\"elementor-element elementor-element-c934f47 elementor-widget elementor-widget-heading\" data-id=\"c934f47\" data-element_type=\"widget\" data-widget_type=\"heading.default\">\n\t\t\t\t<div class=\"elementor-widget-container\">\n\t\t\t<h1 class=\"elementor-heading-title elementor-size-default\">O GT Limo<\/h1>\t\t<\/div>\n\t\t\t\t<\/div>\n\t\t\t\t<div class=\"elementor-element elementor-element-5e4fdce elementor-widget-divider--view-line_icon elementor-view-default elementor-widget-divider--element-align-center elementor-widget elementor-widget-divider\" data-id=\"5e4fdce\" data-element_type=\"widget\" data-widget_type=\"divider.default\">\n\t\t\t\t<div class=\"elementor-widget-container\">\n\t\t\t\t\t<div class=\"elementor-divider\">\n\t\t\t<span class=\"elementor-divider-separator\">\n\t\t\t\t\t\t\t<div class=\"elementor-icon elementor-divider__element\">\n\t\t\t\t\t<svg aria-hidden=\"true\" class=\"e-font-icon-svg e-fas-taxi\" viewBox=\"0 0 512 512\" xmlns=\"http:\/\/www.w3.org\/2000\/svg\"><path d=\"M462 241.64l-22-84.84c-9.6-35.2-41.6-60.8-76.8-60.8H352V64c0-17.67-14.33-32-32-32H192c-17.67 0-32 14.33-32 32v32h-11.2c-35.2 0-67.2 25.6-76.8 60.8l-22 84.84C21.41 248.04 0 273.47 0 304v48c0 23.63 12.95 44.04 32 55.12V448c0 17.67 14.33 32 32 32h32c17.67 0 32-14.33 32-32v-32h256v32c0 17.67 14.33 32 32 32h32c17.67 0 32-14.33 32-32v-40.88c19.05-11.09 32-31.5 32-55.12v-48c0-30.53-21.41-55.96-50-62.36zM96 352c-17.67 0-32-14.33-32-32s14.33-32 32-32 32 14.33 32 32-14.33 32-32 32zm20.55-112l17.2-66.36c2.23-8.16 9.59-13.64 15.06-13.64h214.4c5.47 0 12.83 5.48 14.85 12.86L395.45 240h-278.9zM416 352c-17.67 0-32-14.33-32-32s14.33-32 32-32 32 14.33 32 32-14.33 32-32 32z\"><\/path><\/svg><\/div>\n\t\t\t\t\t\t<\/span>\n\t\t<\/div>\n\t\t\t\t<\/div>\n\t\t\t\t<\/div>\n\t\t\t\t<div class=\"elementor-element elementor-element-524a21a elementor-widget elementor-widget-heading\" data-id=\"524a21a\" data-element_type=\"widget\" data-widget_type=\"heading.default\">\n\t\t\t\t<div class=\"elementor-widget-container\">\n\t\t\t<h6 class=\"elementor-heading-title elementor-size-default\">Va\u0161a ob\u013e\u00faben\u00e1 limuz\u00ednov\u00e1 slu\u017eba pre prepravu na letisko, slu\u017ebu \"point-to-point\", s\u00fakromn\u00e9 pren\u00e1jmy, firemn\u00e9 podujatia, kyvadlov\u00fa dopravu a \u010fal\u0161ie slu\u017eby..<\/h6>\t\t<\/div>\n\t\t\t\t<\/div>\n\t\t\t\t\t<\/div>\n\t\t\t\t<\/div>\n\t\t<div class=\"elementor-element elementor-element-03ef7de e-flex e-con-boxed wpr-particle-no wpr-jarallax-no wpr-parallax-no wpr-sticky-section-no e-con e-parent\" data-id=\"03ef7de\" data-element_type=\"container\">\n\t\t\t\t\t<div class=\"e-con-inner\">\n\t\t<div class=\"elementor-element elementor-element-06de552 e-con-full e-flex wpr-particle-no wpr-jarallax-no wpr-parallax-no wpr-sticky-section-no e-con e-child\" data-id=\"06de552\" data-element_type=\"container\">\n\t\t\t\t<div class=\"elementor-element elementor-element-f3f1838 elementor-widget elementor-widget-image\" data-id=\"f3f1838\" data-element_type=\"widget\" data-widget_type=\"image.default\">\n\t\t\t\t<div class=\"elementor-widget-container\">\n\t\t\t\t\t\t\t\t\t\t\t\t\t<img fetchpriority=\"high\" decoding=\"async\" width=\"800\" height=\"533\" src=\"https:\/\/gt.limo\/wp-content\/uploads\/2024\/07\/3-2-1024x682.png\" class=\"attachment-large size-large wp-image-693\" alt=\"\" srcset=\"https:\/\/gt.limo\/wp-content\/uploads\/2024\/07\/3-2-1024x682.png 1024w, https:\/\/gt.limo\/wp-content\/uploads\/2024\/07\/3-2-300x200.png 300w, https:\/\/gt.limo\/wp-content\/uploads\/2024\/07\/3-2-768x512.png 768w, https:\/\/gt.limo\/wp-content\/uploads\/2024\/07\/3-2.png 1100w\" sizes=\"(max-width: 800px) 100vw, 800px\" \/>\t\t\t\t\t\t\t\t\t\t\t\t\t<\/div>\n\t\t\t\t<\/div>\n\t\t\t\t<\/div>\n\t\t<div class=\"elementor-element elementor-element-666cbb5 e-con-full e-flex wpr-particle-no wpr-jarallax-no wpr-parallax-no wpr-sticky-section-no e-con e-child\" data-id=\"666cbb5\" data-element_type=\"container\">\n\t\t\t\t<div class=\"elementor-element elementor-element-6ea0f45 elementor-widget elementor-widget-text-editor\" data-id=\"6ea0f45\" data-element_type=\"widget\" data-widget_type=\"text-editor.default\">\n\t\t\t\t<div class=\"elementor-widget-container\">\n\t\t\t\t\t\t\t<div class=\"flex max-w-full flex-col flex-grow\">\n<div class=\"min-h-[20px] text-message flex w-full flex-col items-end gap-2 break-words [.text-message+&amp;]:mt-5 overflow-x-auto whitespace-normal\" dir=\"auto\" data-message-author-role=\"assistant\" data-message-id=\"3835e21c-72c4-441a-8eea-04424664ed74\">\n<div class=\"flex w-full flex-col gap-1 empty:hidden first:pt-[3px]\">\n<div class=\"markdown prose w-full break-words dark:prose-invert light\">\n<p>GT Limousines vlastn\u00ed a prev\u00e1dzkuje spolo\u010dnos\u0165 Lanot Logistik s.r.o. so <strong>s\u00eddlom v Bratislave<\/strong>. Sme<strong> najr\u00fdchlej\u0161ie rast\u00faca<\/strong> a naj\u00faspe\u0161nej\u0161ia spolo\u010dnos\u0165 v oblasti <strong>pozemnej dopravy<\/strong> a <strong>s\u00fakromn\u00fdch pren\u00e1jmov<\/strong> na Slovensku v na\u0161om regi\u00f3ne, s desiatkami spokojn\u00fdch z\u00e1kazn\u00edkov a tis\u00edckami uskuto\u010dnen\u00fdch j\u00e1zd.<\/p>\n<\/div>\n<\/div>\n<\/div>\n<\/div>\n\t\t\t\t\t\t<\/div>\n\t\t\t\t<\/div>\n\t\t\t\t<\/div>\n\t\t\t\t\t<\/div>\n\t\t\t\t<\/div>\n\t\t<div class=\"elementor-element elementor-element-d537d73 e-flex e-con-boxed wpr-particle-no wpr-jarallax-no wpr-parallax-no wpr-sticky-section-no e-con e-parent\" data-id=\"d537d73\" data-element_type=\"container\" data-settings=\"{&quot;background_background&quot;:&quot;classic&quot;}\">\n\t\t\t\t\t<div class=\"e-con-inner\">\n\t\t<div class=\"elementor-element elementor-element-cd55e0c e-con-full e-flex wpr-particle-no wpr-jarallax-no wpr-parallax-no wpr-sticky-section-no e-con e-child\" data-id=\"cd55e0c\" data-element_type=\"container\">\n\t\t\t\t<div class=\"elementor-element elementor-element-c8d3f03 elementor-widget elementor-widget-heading\" data-id=\"c8d3f03\" data-element_type=\"widget\" data-widget_type=\"heading.default\">\n\t\t\t\t<div class=\"elementor-widget-container\">\n\t\t\t<h2 class=\"elementor-heading-title elementor-size-default\">Slu\u017eby \u0161of\u00e9ra \/ podujatia \/ preprava na letisko<\/h2>\t\t<\/div>\n\t\t\t\t<\/div>\n\t\t\t\t<div class=\"elementor-element elementor-element-e997039 elementor-widget-divider--view-line_icon elementor-view-default elementor-widget-divider--element-align-center elementor-widget elementor-widget-divider\" data-id=\"e997039\" data-element_type=\"widget\" data-widget_type=\"divider.default\">\n\t\t\t\t<div class=\"elementor-widget-container\">\n\t\t\t\t\t<div class=\"elementor-divider\">\n\t\t\t<span class=\"elementor-divider-separator\">\n\t\t\t\t\t\t\t<div class=\"elementor-icon elementor-divider__element\">\n\t\t\t\t\t<svg aria-hidden=\"true\" class=\"e-font-icon-svg e-fas-taxi\" viewBox=\"0 0 512 512\" xmlns=\"http:\/\/www.w3.org\/2000\/svg\"><path d=\"M462 241.64l-22-84.84c-9.6-35.2-41.6-60.8-76.8-60.8H352V64c0-17.67-14.33-32-32-32H192c-17.67 0-32 14.33-32 32v32h-11.2c-35.2 0-67.2 25.6-76.8 60.8l-22 84.84C21.41 248.04 0 273.47 0 304v48c0 23.63 12.95 44.04 32 55.12V448c0 17.67 14.33 32 32 32h32c17.67 0 32-14.33 32-32v-32h256v32c0 17.67 14.33 32 32 32h32c17.67 0 32-14.33 32-32v-40.88c19.05-11.09 32-31.5 32-55.12v-48c0-30.53-21.41-55.96-50-62.36zM96 352c-17.67 0-32-14.33-32-32s14.33-32 32-32 32 14.33 32 32-14.33 32-32 32zm20.55-112l17.2-66.36c2.23-8.16 9.59-13.64 15.06-13.64h214.4c5.47 0 12.83 5.48 14.85 12.86L395.45 240h-278.9zM416 352c-17.67 0-32-14.33-32-32s14.33-32 32-32 32 14.33 32 32-14.33 32-32 32z\"><\/path><\/svg><\/div>\n\t\t\t\t\t\t<\/span>\n\t\t<\/div>\n\t\t\t\t<\/div>\n\t\t\t\t<\/div>\n\t\t\t\t<div class=\"elementor-element elementor-element-f17ad5d elementor-widget elementor-widget-text-editor\" data-id=\"f17ad5d\" data-element_type=\"widget\" data-widget_type=\"text-editor.default\">\n\t\t\t\t<div class=\"elementor-widget-container\">\n\t\t\t\t\t\t\t<div class=\"flex max-w-full flex-col flex-grow\">\n<div class=\"min-h-[20px] text-message flex w-full flex-col items-end gap-2 break-words [.text-message+&amp;]:mt-5 overflow-x-auto whitespace-normal\" dir=\"auto\" data-message-author-role=\"assistant\" data-message-id=\"f4d568b2-ba22-4d1a-8286-1e0c201d8bfb\">\n<div class=\"flex w-full flex-col gap-1 empty:hidden first:pt-[3px]\">\n<div class=\"markdown prose w-full break-words dark:prose-invert light\">\n<p>\u010ci u\u017e prilet\u00edte na letisko Schwechat \/ Viede\u0148 (VIE), letisko Bratislava (BTS), letisko Praha (PRG) alebo letisko Budape\u0161\u0165 (BUD), te\u0161\u00edme sa na v\u00e1s.<\/p>\n<\/div>\n<\/div>\n<\/div>\n<\/div>\n\t\t\t\t\t\t<\/div>\n\t\t\t\t<\/div>\n\t\t\t\t<\/div>\n\t\t\t\t\t<\/div>\n\t\t\t\t<\/div>\n\t\t\t\t<\/div>\n\t\t","protected":false},"excerpt":{"rendered":"<p>O GT Limo Va\u0161a ob\u013e\u00faben\u00e1 limuz\u00ednov\u00e1 slu\u017eba pre prepravu na letisko, slu\u017ebu &#8222;point-to-point&#8220;, s\u00fakromn\u00e9 pren\u00e1jmy, firemn\u00e9 podujatia, kyvadlov\u00fa dopravu a \u010fal\u0161ie slu\u017eby.. GT Limousines vlastn\u00ed a prev\u00e1dzkuje spolo\u010dnos\u0165 Lanot Logistik s.r.o. so s\u00eddlom v Bratislave. Sme najr\u00fdchlej\u0161ie rast\u00faca a naj\u00faspe\u0161nej\u0161ia spolo\u010dnos\u0165 v oblasti pozemnej dopravy a s\u00fakromn\u00fdch pren\u00e1jmov na Slovensku v na\u0161om regi\u00f3ne, s desiatkami spokojn\u00fdch z\u00e1kazn\u00edkov a tis\u00edckami uskuto\u010dnen\u00fdch j\u00e1zd. Slu\u017eby \u0161of\u00e9ra \/ podujatia \/ preprava na letisko \u010ci u\u017e prilet\u00edte na letisko Schwechat \/ Viede\u0148 (VIE), letisko Bratislava (BTS), letisko Praha (PRG) alebo letisko Budape\u0161\u0165 (BUD), te\u0161\u00edme sa na v\u00e1s.<\/p>\n","protected":false},"author":1,"featured_media":0,"parent":0,"menu_order":0,"comment_status":"closed","ping_status":"closed","template":"elementor_header_footer","meta":{"_acf_changed":false,"footnotes":""},"class_list":["post-1817","page","type-page","status-publish","hentry"],"acf":[],"yoast_head":"<!-- This site is optimized with the Yoast SEO plugin v23.4 - https:\/\/yoast.com\/wordpress\/plugins\/seo\/ -->\n<title>O n\u00e1s - GT Limo - Bratislava Limousine Service<\/title>\n<meta name=\"description\" content=\"Objavte prvotriedne slu\u017eby taxi a limuz\u00edn v Bratislave a Viedni. Zistite viac o n\u00e1s a na\u0161ej snahe k excelentnosti a spokojnosti z\u00e1kazn\u00edkov.\" \/>\n<meta name=\"robots\" content=\"index, follow, max-snippet:-1, max-image-preview:large, max-video-preview:-1\" \/>\n<link rel=\"canonical\" href=\"https:\/\/gt.limo\/sk\/o-nas\/\" \/>\n<meta property=\"og:locale\" content=\"sk_SK\" \/>\n<meta property=\"og:type\" content=\"article\" \/>\n<meta property=\"og:title\" content=\"O n\u00e1s - GT Limo - Bratislava Limousine Service\" \/>\n<meta property=\"og:description\" content=\"Objavte prvotriedne slu\u017eby taxi a limuz\u00edn v Bratislave a Viedni. Zistite viac o n\u00e1s a na\u0161ej snahe k excelentnosti a spokojnosti z\u00e1kazn\u00edkov.\" \/>\n<meta property=\"og:url\" content=\"https:\/\/gt.limo\/sk\/o-nas\/\" \/>\n<meta property=\"og:site_name\" content=\"GT Limo - Bratislava Limousine Service\" \/>\n<meta property=\"article:modified_time\" content=\"2024-08-31T11:15:02+00:00\" \/>\n<meta property=\"og:image\" content=\"https:\/\/gt.limo\/wp-content\/uploads\/2024\/07\/3-2-1024x682.png\" \/>\n<meta name=\"twitter:card\" content=\"summary_large_image\" \/>\n<meta name=\"twitter:label1\" content=\"Predpokladan\u00fd \u010das \u010d\u00edtania\" \/>\n\t<meta name=\"twitter:data1\" content=\"1 min\u00fata\" \/>\n<script type=\"application\/ld+json\" class=\"yoast-schema-graph\">{\"@context\":\"https:\/\/schema.org\",\"@graph\":[{\"@type\":\"WebPage\",\"@id\":\"https:\/\/gt.limo\/sk\/o-nas\/\",\"url\":\"https:\/\/gt.limo\/sk\/o-nas\/\",\"name\":\"O n\u00e1s - GT Limo - Bratislava Limousine Service\",\"isPartOf\":{\"@id\":\"https:\/\/gt.limo\/#website\"},\"primaryImageOfPage\":{\"@id\":\"https:\/\/gt.limo\/sk\/o-nas\/#primaryimage\"},\"image\":{\"@id\":\"https:\/\/gt.limo\/sk\/o-nas\/#primaryimage\"},\"thumbnailUrl\":\"https:\/\/gt.limo\/wp-content\/uploads\/2024\/07\/3-2-1024x682.png\",\"datePublished\":\"2024-08-28T15:25:47+00:00\",\"dateModified\":\"2024-08-31T11:15:02+00:00\",\"description\":\"Objavte prvotriedne slu\u017eby taxi a limuz\u00edn v Bratislave a Viedni. Zistite viac o n\u00e1s a na\u0161ej snahe k excelentnosti a spokojnosti z\u00e1kazn\u00edkov.\",\"breadcrumb\":{\"@id\":\"https:\/\/gt.limo\/sk\/o-nas\/#breadcrumb\"},\"inLanguage\":\"sk-SK\",\"potentialAction\":[{\"@type\":\"ReadAction\",\"target\":[\"https:\/\/gt.limo\/sk\/o-nas\/\"]}]},{\"@type\":\"ImageObject\",\"inLanguage\":\"sk-SK\",\"@id\":\"https:\/\/gt.limo\/sk\/o-nas\/#primaryimage\",\"url\":\"https:\/\/gt.limo\/wp-content\/uploads\/2024\/07\/3-2-1024x682.png\",\"contentUrl\":\"https:\/\/gt.limo\/wp-content\/uploads\/2024\/07\/3-2-1024x682.png\"},{\"@type\":\"BreadcrumbList\",\"@id\":\"https:\/\/gt.limo\/sk\/o-nas\/#breadcrumb\",\"itemListElement\":[{\"@type\":\"ListItem\",\"position\":1,\"name\":\"Home\",\"item\":\"https:\/\/gt.limo\/sk\/\"},{\"@type\":\"ListItem\",\"position\":2,\"name\":\"O n\u00e1s\"}]},{\"@type\":\"WebSite\",\"@id\":\"https:\/\/gt.limo\/#website\",\"url\":\"https:\/\/gt.limo\/\",\"name\":\"GT Limo - Bratislava Limousine Service\",\"description\":\"\",\"potentialAction\":[{\"@type\":\"SearchAction\",\"target\":{\"@type\":\"EntryPoint\",\"urlTemplate\":\"https:\/\/gt.limo\/?s={search_term_string}\"},\"query-input\":{\"@type\":\"PropertyValueSpecification\",\"valueRequired\":true,\"valueName\":\"search_term_string\"}}],\"inLanguage\":\"sk-SK\"}]}<\/script>\n<!-- \/ Yoast SEO plugin. -->","yoast_head_json":{"title":"O n\u00e1s - GT Limo - Bratislava Limousine Service","description":"Objavte prvotriedne slu\u017eby taxi a limuz\u00edn v Bratislave a Viedni. Zistite viac o n\u00e1s a na\u0161ej snahe k excelentnosti a spokojnosti z\u00e1kazn\u00edkov.","robots":{"index":"index","follow":"follow","max-snippet":"max-snippet:-1","max-image-preview":"max-image-preview:large","max-video-preview":"max-video-preview:-1"},"canonical":"https:\/\/gt.limo\/sk\/o-nas\/","og_locale":"sk_SK","og_type":"article","og_title":"O n\u00e1s - GT Limo - Bratislava Limousine Service","og_description":"Objavte prvotriedne slu\u017eby taxi a limuz\u00edn v Bratislave a Viedni. Zistite viac o n\u00e1s a na\u0161ej snahe k excelentnosti a spokojnosti z\u00e1kazn\u00edkov.","og_url":"https:\/\/gt.limo\/sk\/o-nas\/","og_site_name":"GT Limo - Bratislava Limousine Service","article_modified_time":"2024-08-31T11:15:02+00:00","og_image":[{"url":"https:\/\/gt.limo\/wp-content\/uploads\/2024\/07\/3-2-1024x682.png"}],"twitter_card":"summary_large_image","twitter_misc":{"Predpokladan\u00fd \u010das \u010d\u00edtania":"1 min\u00fata"},"schema":{"@context":"https:\/\/schema.org","@graph":[{"@type":"WebPage","@id":"https:\/\/gt.limo\/sk\/o-nas\/","url":"https:\/\/gt.limo\/sk\/o-nas\/","name":"O n\u00e1s - GT Limo - Bratislava Limousine Service","isPartOf":{"@id":"https:\/\/gt.limo\/#website"},"primaryImageOfPage":{"@id":"https:\/\/gt.limo\/sk\/o-nas\/#primaryimage"},"image":{"@id":"https:\/\/gt.limo\/sk\/o-nas\/#primaryimage"},"thumbnailUrl":"https:\/\/gt.limo\/wp-content\/uploads\/2024\/07\/3-2-1024x682.png","datePublished":"2024-08-28T15:25:47+00:00","dateModified":"2024-08-31T11:15:02+00:00","description":"Objavte prvotriedne slu\u017eby taxi a limuz\u00edn v Bratislave a Viedni. Zistite viac o n\u00e1s a na\u0161ej snahe k excelentnosti a spokojnosti z\u00e1kazn\u00edkov.","breadcrumb":{"@id":"https:\/\/gt.limo\/sk\/o-nas\/#breadcrumb"},"inLanguage":"sk-SK","potentialAction":[{"@type":"ReadAction","target":["https:\/\/gt.limo\/sk\/o-nas\/"]}]},{"@type":"ImageObject","inLanguage":"sk-SK","@id":"https:\/\/gt.limo\/sk\/o-nas\/#primaryimage","url":"https:\/\/gt.limo\/wp-content\/uploads\/2024\/07\/3-2-1024x682.png","contentUrl":"https:\/\/gt.limo\/wp-content\/uploads\/2024\/07\/3-2-1024x682.png"},{"@type":"BreadcrumbList","@id":"https:\/\/gt.limo\/sk\/o-nas\/#breadcrumb","itemListElement":[{"@type":"ListItem","position":1,"name":"Home","item":"https:\/\/gt.limo\/sk\/"},{"@type":"ListItem","position":2,"name":"O n\u00e1s"}]},{"@type":"WebSite","@id":"https:\/\/gt.limo\/#website","url":"https:\/\/gt.limo\/","name":"GT Limo - Bratislava Limousine Service","description":"","potentialAction":[{"@type":"SearchAction","target":{"@type":"EntryPoint","urlTemplate":"https:\/\/gt.limo\/?s={search_term_string}"},"query-input":{"@type":"PropertyValueSpecification","valueRequired":true,"valueName":"search_term_string"}}],"inLanguage":"sk-SK"}]}},"_links":{"self":[{"href":"https:\/\/gt.limo\/sk\/wp-json\/wp\/v2\/pages\/1817"}],"collection":[{"href":"https:\/\/gt.limo\/sk\/wp-json\/wp\/v2\/pages"}],"about":[{"href":"https:\/\/gt.limo\/sk\/wp-json\/wp\/v2\/types\/page"}],"author":[{"embeddable":true,"href":"https:\/\/gt.limo\/sk\/wp-json\/wp\/v2\/users\/1"}],"replies":[{"embeddable":true,"href":"https:\/\/gt.limo\/sk\/wp-json\/wp\/v2\/comments?post=1817"}],"version-history":[{"count":1,"href":"https:\/\/gt.limo\/sk\/wp-json\/wp\/v2\/pages\/1817\/revisions"}],"predecessor-version":[{"id":1818,"href":"https:\/\/gt.limo\/sk\/wp-json\/wp\/v2\/pages\/1817\/revisions\/1818"}],"wp:attachment":[{"href":"https:\/\/gt.limo\/sk\/wp-json\/wp\/v2\/media?parent=1817"}],"curies":[{"name":"wp","href":"https:\/\/api.w.org\/{rel}","templated":true}]}}