{"id":1693,"date":"2024-08-28T17:06:17","date_gmt":"2024-08-28T15:06:17","guid":{"rendered":"https:\/\/gt.limo\/rezervacia\/"},"modified":"2024-08-31T13:14:41","modified_gmt":"2024-08-31T11:14:41","slug":"rezervacia","status":"publish","type":"page","link":"https:\/\/gt.limo\/sk\/rezervacia\/","title":{"rendered":"Rezerv\u00e1cia"},"content":{"rendered":"\t\t<div data-elementor-type=\"wp-page\" data-elementor-id=\"1693\" class=\"elementor elementor-1693 elementor-1433\">\n\t\t\t\t<div class=\"elementor-element elementor-element-cc41bba e-flex e-con-boxed wpr-particle-no wpr-jarallax-no wpr-parallax-no wpr-sticky-section-no e-con e-parent\" data-id=\"cc41bba\" data-element_type=\"container\" data-settings=\"{&quot;background_background&quot;:&quot;classic&quot;}\">\n\t\t\t\t\t<div class=\"e-con-inner\">\n\t\t\t\t<div class=\"elementor-element elementor-element-8eb5e54 elementor-widget elementor-widget-heading\" data-id=\"8eb5e54\" data-element_type=\"widget\" data-widget_type=\"heading.default\">\n\t\t\t\t<div class=\"elementor-widget-container\">\n\t\t\t<h2 class=\"elementor-heading-title elementor-size-default\">Jednoducho a r\u00fdchlo!<\/h2>\t\t<\/div>\n\t\t\t\t<\/div>\n\t\t\t\t<div class=\"elementor-element elementor-element-ea3cf75 elementor-widget elementor-widget-heading\" data-id=\"ea3cf75\" data-element_type=\"widget\" data-widget_type=\"heading.default\">\n\t\t\t\t<div class=\"elementor-widget-container\">\n\t\t\t<h1 class=\"elementor-heading-title elementor-size-default\">Online rezerv\u00e1cia<\/h1>\t\t<\/div>\n\t\t\t\t<\/div>\n\t\t\t\t\t<\/div>\n\t\t\t\t<\/div>\n\t\t<div class=\"elementor-element elementor-element-cbf4504 e-flex e-con-boxed wpr-particle-no wpr-jarallax-no wpr-parallax-no wpr-sticky-section-no e-con e-parent\" data-id=\"cbf4504\" data-element_type=\"container\" data-settings=\"{&quot;background_background&quot;:&quot;classic&quot;}\">\n\t\t\t\t\t<div class=\"e-con-inner\">\n\t\t\t\t<div class=\"elementor-element elementor-element-d0f8483 elementor-widget elementor-widget-html\" data-id=\"d0f8483\" data-element_type=\"widget\" data-widget_type=\"html.default\">\n\t\t\t\t<div class=\"elementor-widget-container\">\n\t\t\t<a href=\"https:\/\/book.mylimobiz.com\/v4\/gtlm\" data-ores-widget=\"website\" data-ores-alias=\"gtlm\"><script src=\"https:\/\/book.mylimobiz.com\/v4\/widgets\/widget-loader.js\" type=\"text\/javascript\"><\/script><\/a>\t\t<\/div>\n\t\t\t\t<\/div>\n\t\t\t\t\t<\/div>\n\t\t\t\t<\/div>\n\t\t<div class=\"elementor-element elementor-element-98116fd e-flex e-con-boxed wpr-particle-no wpr-jarallax-no wpr-parallax-no wpr-sticky-section-no e-con e-parent\" data-id=\"98116fd\" data-element_type=\"container\" data-settings=\"{&quot;background_background&quot;:&quot;classic&quot;}\">\n\t\t\t\t\t<div class=\"e-con-inner\">\n\t\t\t\t<div class=\"elementor-element elementor-element-d42089a elementor-widget elementor-widget-text-editor\" data-id=\"d42089a\" data-element_type=\"widget\" data-widget_type=\"text-editor.default\">\n\t\t\t\t<div class=\"elementor-widget-container\">\n\t\t\t\t\t\t\t<h2 class=\"p1\"><b>M\u00e1te z\u00e1ujem o cenov\u00fa ponuku na mieru?<\/b><\/h2><div class=\"stunning-item-caption limoking-skin-content\"><p class=\"p1\">Nap\u00ed\u0161te n\u00e1m a my v\u00e1m priprav\u00edme ponuku presne pre v\u00e1s!<\/p><\/div>\t\t\t\t\t\t<\/div>\n\t\t\t\t<\/div>\n\t\t\t\t<div class=\"elementor-element elementor-element-6179d25 elementor-widget__width-auto wpr-button-icon-style-inline wpr-button-icon-position-right elementor-widget elementor-widget-wpr-button\" data-id=\"6179d25\" data-element_type=\"widget\" data-widget_type=\"wpr-button.default\">\n\t\t\t\t<div class=\"elementor-widget-container\">\n\t\t\t\t\n\t\t\t\n\t\t\n\t\t<div class=\"wpr-button-wrap elementor-clearfix\">\n\t\t<a class=\"wpr-button wpr-button-effect wpr-button-none\" data-text=\"Prejs\u0165\" href=\"\/sk\/kontakt\/\">\n\t\t\t\n\t\t\t<span class=\"wpr-button-content\">\n\t\t\t\t\t\t\t\t\t<span class=\"wpr-button-text\">Kontaktova\u0165<\/span>\n\t\t\t\t\t\t\t\t\n\t\t\t\t\t\t\t\t\t<span class=\"wpr-button-icon\"><svg class=\"e-font-icon-svg e-fas-angle-right\" viewBox=\"0 0 256 512\" xmlns=\"http:\/\/www.w3.org\/2000\/svg\"><path d=\"M224.3 273l-136 136c-9.4 9.4-24.6 9.4-33.9 0l-22.6-22.6c-9.4-9.4-9.4-24.6 0-33.9l96.4-96.4-96.4-96.4c-9.4-9.4-9.4-24.6 0-33.9L54.3 103c9.4-9.4 24.6-9.4 33.9 0l136 136c9.5 9.4 9.5 24.6.1 34z\"><\/path><\/svg><\/span>\n\t\t\t\t\t\t\t<\/span>\n\t\t<\/a>\n\n\t\t\t\t<\/div>\n\t\n\t\n\t\t\t<\/div>\n\t\t\t\t<\/div>\n\t\t\t\t\t<\/div>\n\t\t\t\t<\/div>\n\t\t\t\t<\/div>\n\t\t","protected":false},"excerpt":{"rendered":"<p>Jednoducho a r\u00fdchlo! Online rezerv\u00e1cia M\u00e1te z\u00e1ujem o cenov\u00fa ponuku na mieru? Nap\u00ed\u0161te n\u00e1m a my v\u00e1m priprav\u00edme ponuku presne pre v\u00e1s! Kontaktova\u0165<\/p>\n","protected":false},"author":1,"featured_media":0,"parent":0,"menu_order":0,"comment_status":"closed","ping_status":"closed","template":"elementor_header_footer","meta":{"_acf_changed":false,"footnotes":""},"class_list":["post-1693","page","type-page","status-publish","hentry"],"acf":[],"yoast_head":"<!-- This site is optimized with the Yoast SEO plugin v23.4 - https:\/\/yoast.com\/wordpress\/plugins\/seo\/ -->\n<title>Rezerv\u00e1cia - GT Limo - Bratislava Limousine Service<\/title>\n<meta name=\"description\" content=\"Pohodln\u00e9 a flexibiln\u00e9 pl\u00e1novanie va\u0161ich ciest. Rezervujte si taxi v Bratislave alebo prepravu na letisko do Viedne jednoducho a r\u00fdchlo.\" \/>\n<meta name=\"robots\" content=\"index, follow, max-snippet:-1, max-image-preview:large, max-video-preview:-1\" \/>\n<link rel=\"canonical\" href=\"https:\/\/gt.limo\/sk\/rezervacia\/\" \/>\n<meta property=\"og:locale\" content=\"sk_SK\" \/>\n<meta property=\"og:type\" content=\"article\" \/>\n<meta property=\"og:title\" content=\"Rezerv\u00e1cia - GT Limo - Bratislava Limousine Service\" \/>\n<meta property=\"og:description\" content=\"Pohodln\u00e9 a flexibiln\u00e9 pl\u00e1novanie va\u0161ich ciest. Rezervujte si taxi v Bratislave alebo prepravu na letisko do Viedne jednoducho a r\u00fdchlo.\" \/>\n<meta property=\"og:url\" content=\"https:\/\/gt.limo\/sk\/rezervacia\/\" \/>\n<meta property=\"og:site_name\" content=\"GT Limo - Bratislava Limousine Service\" \/>\n<meta property=\"article:modified_time\" content=\"2024-08-31T11:14:41+00:00\" \/>\n<meta name=\"twitter:card\" content=\"summary_large_image\" \/>\n<meta name=\"twitter:label1\" content=\"Predpokladan\u00fd \u010das \u010d\u00edtania\" \/>\n\t<meta name=\"twitter:data1\" content=\"1 min\u00fata\" \/>\n<script type=\"application\/ld+json\" class=\"yoast-schema-graph\">{\"@context\":\"https:\/\/schema.org\",\"@graph\":[{\"@type\":\"WebPage\",\"@id\":\"https:\/\/gt.limo\/sk\/rezervacia\/\",\"url\":\"https:\/\/gt.limo\/sk\/rezervacia\/\",\"name\":\"Rezerv\u00e1cia - GT Limo - Bratislava Limousine Service\",\"isPartOf\":{\"@id\":\"https:\/\/gt.limo\/#website\"},\"datePublished\":\"2024-08-28T15:06:17+00:00\",\"dateModified\":\"2024-08-31T11:14:41+00:00\",\"description\":\"Pohodln\u00e9 a flexibiln\u00e9 pl\u00e1novanie va\u0161ich ciest. Rezervujte si taxi v Bratislave alebo prepravu na letisko do Viedne jednoducho a r\u00fdchlo.\",\"breadcrumb\":{\"@id\":\"https:\/\/gt.limo\/sk\/rezervacia\/#breadcrumb\"},\"inLanguage\":\"sk-SK\",\"potentialAction\":[{\"@type\":\"ReadAction\",\"target\":[\"https:\/\/gt.limo\/sk\/rezervacia\/\"]}]},{\"@type\":\"BreadcrumbList\",\"@id\":\"https:\/\/gt.limo\/sk\/rezervacia\/#breadcrumb\",\"itemListElement\":[{\"@type\":\"ListItem\",\"position\":1,\"name\":\"Home\",\"item\":\"https:\/\/gt.limo\/sk\/\"},{\"@type\":\"ListItem\",\"position\":2,\"name\":\"Rezerv\u00e1cia\"}]},{\"@type\":\"WebSite\",\"@id\":\"https:\/\/gt.limo\/#website\",\"url\":\"https:\/\/gt.limo\/\",\"name\":\"GT Limo - Bratislava Limousine Service\",\"description\":\"\",\"potentialAction\":[{\"@type\":\"SearchAction\",\"target\":{\"@type\":\"EntryPoint\",\"urlTemplate\":\"https:\/\/gt.limo\/?s={search_term_string}\"},\"query-input\":{\"@type\":\"PropertyValueSpecification\",\"valueRequired\":true,\"valueName\":\"search_term_string\"}}],\"inLanguage\":\"sk-SK\"}]}<\/script>\n<!-- \/ Yoast SEO plugin. -->","yoast_head_json":{"title":"Rezerv\u00e1cia - GT Limo - Bratislava Limousine Service","description":"Pohodln\u00e9 a flexibiln\u00e9 pl\u00e1novanie va\u0161ich ciest. Rezervujte si taxi v Bratislave alebo prepravu na letisko do Viedne jednoducho a r\u00fdchlo.","robots":{"index":"index","follow":"follow","max-snippet":"max-snippet:-1","max-image-preview":"max-image-preview:large","max-video-preview":"max-video-preview:-1"},"canonical":"https:\/\/gt.limo\/sk\/rezervacia\/","og_locale":"sk_SK","og_type":"article","og_title":"Rezerv\u00e1cia - GT Limo - Bratislava Limousine Service","og_description":"Pohodln\u00e9 a flexibiln\u00e9 pl\u00e1novanie va\u0161ich ciest. Rezervujte si taxi v Bratislave alebo prepravu na letisko do Viedne jednoducho a r\u00fdchlo.","og_url":"https:\/\/gt.limo\/sk\/rezervacia\/","og_site_name":"GT Limo - Bratislava Limousine Service","article_modified_time":"2024-08-31T11:14:41+00:00","twitter_card":"summary_large_image","twitter_misc":{"Predpokladan\u00fd \u010das \u010d\u00edtania":"1 min\u00fata"},"schema":{"@context":"https:\/\/schema.org","@graph":[{"@type":"WebPage","@id":"https:\/\/gt.limo\/sk\/rezervacia\/","url":"https:\/\/gt.limo\/sk\/rezervacia\/","name":"Rezerv\u00e1cia - GT Limo - Bratislava Limousine Service","isPartOf":{"@id":"https:\/\/gt.limo\/#website"},"datePublished":"2024-08-28T15:06:17+00:00","dateModified":"2024-08-31T11:14:41+00:00","description":"Pohodln\u00e9 a flexibiln\u00e9 pl\u00e1novanie va\u0161ich ciest. Rezervujte si taxi v Bratislave alebo prepravu na letisko do Viedne jednoducho a r\u00fdchlo.","breadcrumb":{"@id":"https:\/\/gt.limo\/sk\/rezervacia\/#breadcrumb"},"inLanguage":"sk-SK","potentialAction":[{"@type":"ReadAction","target":["https:\/\/gt.limo\/sk\/rezervacia\/"]}]},{"@type":"BreadcrumbList","@id":"https:\/\/gt.limo\/sk\/rezervacia\/#breadcrumb","itemListElement":[{"@type":"ListItem","position":1,"name":"Home","item":"https:\/\/gt.limo\/sk\/"},{"@type":"ListItem","position":2,"name":"Rezerv\u00e1cia"}]},{"@type":"WebSite","@id":"https:\/\/gt.limo\/#website","url":"https:\/\/gt.limo\/","name":"GT Limo - Bratislava Limousine Service","description":"","potentialAction":[{"@type":"SearchAction","target":{"@type":"EntryPoint","urlTemplate":"https:\/\/gt.limo\/?s={search_term_string}"},"query-input":{"@type":"PropertyValueSpecification","valueRequired":true,"valueName":"search_term_string"}}],"inLanguage":"sk-SK"}]}},"_links":{"self":[{"href":"https:\/\/gt.limo\/sk\/wp-json\/wp\/v2\/pages\/1693"}],"collection":[{"href":"https:\/\/gt.limo\/sk\/wp-json\/wp\/v2\/pages"}],"about":[{"href":"https:\/\/gt.limo\/sk\/wp-json\/wp\/v2\/types\/page"}],"author":[{"embeddable":true,"href":"https:\/\/gt.limo\/sk\/wp-json\/wp\/v2\/users\/1"}],"replies":[{"embeddable":true,"href":"https:\/\/gt.limo\/sk\/wp-json\/wp\/v2\/comments?post=1693"}],"version-history":[{"count":6,"href":"https:\/\/gt.limo\/sk\/wp-json\/wp\/v2\/pages\/1693\/revisions"}],"predecessor-version":[{"id":1848,"href":"https:\/\/gt.limo\/sk\/wp-json\/wp\/v2\/pages\/1693\/revisions\/1848"}],"wp:attachment":[{"href":"https:\/\/gt.limo\/sk\/wp-json\/wp\/v2\/media?parent=1693"}],"curies":[{"name":"wp","href":"https:\/\/api.w.org\/{rel}","templated":true}]}}